                                                                                                                                                                                                                                                                                                                                                                                                                                                                   {"id":583,"date":"2015-09-15T06:04:07","date_gmt":"2015-09-15T06:04:07","guid":{"rendered":"http:\/\/www.zsz-cech-bielawa.pl\/zszcrrimp\/?page_id=583"},"modified":"2021-08-25T11:04:14","modified_gmt":"2021-08-25T11:04:14","slug":"kalendarz-roku-szkolnego-201516","status":"publish","type":"page","link":"https:\/\/www.zsz-cech-bielawa.pl\/zszcrrimp\/szkola\/kalendarz-roku-szkolnego-201516\/","title":{"rendered":"Kalendarz roku szkolnego 2021\/22"},"content":{"rendered":"<p>&nbsp;<\/p>\n<p><strong>KALENDARZ ROKU SZKOLNEGO 2021\/2022<\/strong><\/p>\n<table>\n<tbody>\n<tr>\n<td width=\"614\"><strong>Inauguracja roku szkolnego 2021\/2022<\/strong><strong>01 wrze\u015bnia 2021 r\u00a0<\/strong>W zwi\u0105zku z sytuacj\u0105 pandemiczn\u0105 w kraju rozpocz\u0119cie roku szkolnego odb\u0119dzie si\u0119 w re\u017cimie sanitarnym wed\u0142ug poni\u017cszego harmonogramu. Uczniowie zobowi\u0105zani s\u0105 do zakrywania ust i nosa oraz dezynfekcji r\u0105k przed ka\u017cdorazowym wej\u015bciem do szko\u0142y i klasy.Klasa 3c \u2013 gabinet 1 godz. 11:30 \u2013 R. Norberciak<\/p>\n<p>Klasa 3b \u2013 gabinet 7 godz. 11:00\u00a0\u2013 M. Jo\u0144czy<\/p>\n<p>Klasa 3a \u2013 gabinet 8 godz. 10:30 \u2013 A. Kapka<\/p>\n<p>Klasa 2a \u2013 gabinet 3 godz. 10:00 \u2013 E. Wilk<\/p>\n<p>Klas 1a \u2013 sala gimnastyczna godz. 12:00 \u2013\u00a0D. \u0141uszczki<\/p>\n<p>&nbsp;<\/td>\n<\/tr>\n<tr>\n<td width=\"614\"><strong>Zaj\u0119cia dydaktyczno &#8211; wychowawcze w szkole<\/strong><\/p>\n<ul>\n<li>Klasa IA;<\/li>\n<li>Klasa IIA;<\/li>\n<li>Klasa IIIA;<\/li>\n<li>Klasa IIIB;<\/li>\n<li>Klasa IIIC;<\/li>\n<\/ul>\n<p>Klasy Bran\u017cowej Szko\u0142y I Stopnia CRR i MP w Bielawie w pozosta\u0142e dni tygodnia odbywaj\u0105 praktyczn\u0105 nauk\u0119 zawodu.<\/td>\n<\/tr>\n<tr>\n<td width=\"614\"><strong>Zimowa przerwa \u015bwi\u0105teczna\u00a0<\/strong>23 \u2013 31 grudnia 2021 r.<\/td>\n<\/tr>\n<tr>\n<td width=\"614\"><strong>Ferie zimowe\u00a0<\/strong>31.01 &#8211; 13.02.2022 r.<\/td>\n<\/tr>\n<tr>\n<td width=\"614\"><strong>Wiosenna przerwa \u015bwi\u0105teczna <\/strong>14<strong>\u00a0<\/strong>&#8211; 19 kwietnia 2022 r.<\/td>\n<\/tr>\n<tr>\n<td width=\"614\"><strong>Zako\u0144czenie rocznych zaj\u0119\u0107 dydaktyczno-wychowawczych 2021\/2022 r.\u00a0<\/strong>24 czerwca 2021 r.<\/td>\n<\/tr>\n<tr>\n<td width=\"614\"><strong>Dni wolne od zaj\u0119\u0107 dydaktycznych \u2013 uczniowie przebywaj\u0105 w tych dniach na zaj\u0119ciach praktycznych:<\/strong><\/td>\n<\/tr>\n<tr>\n<td width=\"614\"><strong>Egzaminy poprawkowe:\u00a0<\/strong>Ostatni tydzie\u0144 sierpnia 2022 r.<\/td>\n<\/tr>\n<\/tbody>\n<\/table>\n","protected":false},"excerpt":{"rendered":"<p>&nbsp; KALENDARZ ROKU SZKOLNEGO 2021\/2022 Inauguracja roku szkolnego 2021\/202201 wrze\u015bnia 2021 r\u00a0W zwi\u0105zku z sytuacj\u0105 pandemiczn\u0105 w kraju rozpocz\u0119cie roku szkolnego odb\u0119dzie si\u0119 w re\u017cimie sanitarnym wed\u0142ug poni\u017cszego harmonogramu. Uczniowie zobowi\u0105zani s\u0105 do zakrywania ust i nosa oraz dezynfekcji r\u0105k przed ka\u017cdorazowym wej\u015bciem do szko\u0142y i klasy.Klasa 3c \u2013 gabinet 1 godz. 11:30 \u2013 R. [&hellip;]<\/p>\n","protected":false},"author":1,"featured_media":0,"parent":2,"menu_order":4,"comment_status":"closed","ping_status":"closed","template":"","meta":[],"_links":{"self":[{"href":"https:\/\/www.zsz-cech-bielawa.pl\/zszcrrimp\/wp-json\/wp\/v2\/pages\/583"}],"collection":[{"href":"https:\/\/www.zsz-cech-bielawa.pl\/zszcrrimp\/wp-json\/wp\/v2\/pages"}],"about":[{"href":"https:\/\/www.zsz-cech-bielawa.pl\/zszcrrimp\/wp-json\/wp\/v2\/types\/page"}],"author":[{"embeddable":true,"href":"https:\/\/www.zsz-cech-bielawa.pl\/zszcrrimp\/wp-json\/wp\/v2\/users\/1"}],"replies":[{"embeddable":true,"href":"https:\/\/www.zsz-cech-bielawa.pl\/zszcrrimp\/wp-json\/wp\/v2\/comments?post=583"}],"version-history":[{"count":31,"href":"https:\/\/www.zsz-cech-bielawa.pl\/zszcrrimp\/wp-json\/wp\/v2\/pages\/583\/revisions"}],"predecessor-version":[{"id":597,"href":"https:\/\/www.zsz-cech-bielawa.pl\/zszcrrimp\/wp-json\/wp\/v2\/pages\/583\/revisions\/597"}],"up":[{"embeddable":true,"href":"https:\/\/www.zsz-cech-bielawa.pl\/zszcrrimp\/wp-json\/wp\/v2\/pages\/2"}],"wp:attachment":[{"href":"https:\/\/www.zsz-cech-bielawa.pl\/zszcrrimp\/wp-json\/wp\/v2\/media?parent=583"}],"curies":[{"name":"wp","href":"https:\/\/api.w.org\/{rel}","templated":true}]}}