                                                                                                                                                                                                                                                                                                                                                                                                                                                                   {"id":55,"date":"2014-11-10T15:24:03","date_gmt":"2014-11-10T15:24:03","guid":{"rendered":"http:\/\/www.zsz-cech-bielawa.pl\/zszcrrimp\/?page_id=55"},"modified":"2017-11-14T10:08:49","modified_gmt":"2017-11-14T10:08:49","slug":"cele-i-zadania","status":"publish","type":"page","link":"https:\/\/www.zsz-cech-bielawa.pl\/zszcrrimp\/szkola\/cele-i-zadania\/","title":{"rendered":"Cele i zadania"},"content":{"rendered":"<p class=\"text\" align=\"center\">Zesp\u00f3\u0142 Szk\u00f3\u0142 Cechu Rzemios\u0142 R\u00f3\u017cnych w Bielawie\u00a0 jest szko\u0142\u0105 prowadzon\u0105 w formie stacjonarnej dla m\u0142odzie\u017cy. W szkole obowi\u0105zuje trzyletni cykl kszta\u0142cenia\u00a0w ka\u017cdym zawodzie.<\/p>\n<p><span class=\"text\" style=\"color: #993366;\"><em><strong>Bran\u017cowa Szko\u0142a I Stopnia CRRiMP:<\/strong><\/em><\/span><\/p>\n<ol>\n<li>\n<p class=\"text\">Kszta\u0142tuje zami\u0142owanie do przysz\u0142ego zawodu.<\/p>\n<\/li>\n<li>\n<p class=\"text\">Umo\u017cliwia zdobycie wiedzy i umiej\u0119tno\u015bci niezb\u0119dnych do uzyskania dyplomu potwierdzaj\u0105cego kwalifikacje zawodowe lub czeladnicze.<\/p>\n<\/li>\n<li>\n<p class=\"text\">W nauczaniu praktycznym d\u0105\u017cy do rozszerzenia uprawnie\u0144, u\u0142atwiaj\u0105cych podj\u0119cie pracy zawodowej.<\/p>\n<\/li>\n<li>\n<p class=\"text\">Szko\u0142a zapewnia ka\u017cdemu uczniowi warunki niezb\u0119dne do rozwoju jego osobowo\u015bci.<\/p>\n<\/li>\n<li>\n<p class=\"text\">Dostosowuje tre\u015bci, metody i organizacj\u0119 nauczania do mo\u017cliwo\u015bci psychofizycznych uczni\u00f3w. Rozbudza potrzeby wzbogacania, aktualizacji wiedzy zawodowej, uwzgl\u0119dniaj\u0105c post\u0119p techniczny, ekonomiczny i organizacyjny.<\/p>\n<\/li>\n<li>\n<p class=\"text\">Upowszechnia wiedz\u0119 ekologiczn\u0105, kszta\u0142tuje w\u0142a\u015bciwe postawy wobec problem\u00f3w ochrony \u015brodowiska.<\/p>\n<\/li>\n<li>\n<p class=\"text\">Popularyzuje zagadnienia z o\u015bwiaty zdrowotnej.<\/p>\n<\/li>\n<li>\n<p class=\"text\">Otacza szczeg\u00f3ln\u0105 opiek\u0105 wychowawcz\u0105 uczni\u00f3w znajduj\u0105cych si\u0119 w trudnej sytuacji losowej i materialnej.<\/p>\n<\/li>\n<li>\n<p class=\"text\">Doskonali prac\u0119 wychowawcz\u0105 w zespo\u0142ach klasowych ze szczeg\u00f3lnym zwr\u00f3ceniem uwagi na kszta\u0142towanie w\u0142a\u015bciwych postaw uczni\u00f3w, wzrost dyscypliny i popraw\u0119 frekwencji.<\/p>\n<\/li>\n<li>\n<p class=\"text\">Umo\u017cliwia absolwentom podj\u0119cia dalszego kszta\u0142cenia w szkole \u015bredniej na podbudowie programowej zasadniczej szko\u0142y zawodowej.<\/p>\n<\/li>\n<\/ol>\n<p><span style=\"color: #993366;\"><strong>\u00a0Szko\u0142a\u00a0<\/strong><strong>Podstawowa z Oddzia\u0142ami Przysposabiaj\u0105cymi do Pracy CRRiMP w Bielawie:<\/strong><\/span><\/p>\n<p><em><strong>\u00a0Szko\u0142a umo\u017cliwia uczniom zdobycie wiedzy i umiej\u0119tno\u015bci do jej uko\u0144czenia, przygotowuje do \u00a0\u015bwiadomego wyboru dalszego kszta\u0142cenia w szko\u0142ach ponadpodstawowych, a ponadto:<\/strong><\/em><\/p>\n<p>1) zapewnia \u00a0uczniom\u00a0\u00a0 warunki \u00a0niezb\u0119dne \u00a0do\u00a0\u00a0 ich \u00a0rozwoju \u00a0i \u00a0przygotowuje \u00a0do wype\u0142niania obowi\u0105zk\u00f3w rodzinnych i obywatelskich,<\/p>\n<p>2) umo\u017cliwia uczniom rozwijanie szczeg\u00f3lnych uzdolnie\u0144 i zainteresowa\u0144 poprzez indywidualny program lub tok nauki oraz udzia\u0142 w zaj\u0119ciach dodatkowych,<\/p>\n<p>3) organizuje nauczanie indywidualne dla uczni\u00f3w wymagaj\u0105cych takiej formy pracy,<\/p>\n<p>4) zapewnia warunki bezpiecze\u0144stwa oraz dba o promocj\u0119 i ochron\u0119 zdrowia,<\/p>\n<p>5) wsp\u00f3\u0142dzia\u0142a z poradni\u0105 psychologiczno \u2013 pedagogiczn\u0105 oraz z innymi instytucjami \u015bwiadcz\u0105cymi poradnictwo i specjalistyczn\u0105 pomoc dzieciom i rodzicom,<\/p>\n<p>6) \u015bci\u015ble wsp\u00f3\u0142pracuje z rodzicami w zakresie nauczania, wychowania i opieki,<\/p>\n<p>7) realizuje \u00a0program \u00a0profilaktyki \u00a0dostosowany \u00a0do \u00a0potrzeb \u00a0rozwojowych uczni\u00f3w oraz potrzeb danego \u015brodowiska, obejmuj\u0105cy wszystkie tre\u015bci i dzia\u0142ania o\u00a0charakterze \u00a0profilaktycznym \u00a0skierowane \u00a0do \u00a0uczni\u00f3w, \u00a0nauczycieli \u00a0i \u00a0rodzic\u00f3w, opracowany w oddzielnym dokumencie,<\/p>\n<p>8) realizuje program wychowawczy obejmuj\u0105cy wszystkie tre\u015bci i dzia\u0142ania o\u00a0charakterze wychowawczym skierowane do uczni\u00f3w, opracowany w oddzielnym dokumencie.<\/p>\n<p>&nbsp;<\/p>\n","protected":false},"excerpt":{"rendered":"<p>Zesp\u00f3\u0142 Szk\u00f3\u0142 Cechu Rzemios\u0142 R\u00f3\u017cnych w Bielawie\u00a0 jest szko\u0142\u0105 prowadzon\u0105 w formie stacjonarnej dla m\u0142odzie\u017cy. W szkole obowi\u0105zuje trzyletni cykl kszta\u0142cenia\u00a0w ka\u017cdym zawodzie. Bran\u017cowa Szko\u0142a I Stopnia CRRiMP: Kszta\u0142tuje zami\u0142owanie do przysz\u0142ego zawodu. Umo\u017cliwia zdobycie wiedzy i umiej\u0119tno\u015bci niezb\u0119dnych do uzyskania dyplomu potwierdzaj\u0105cego kwalifikacje zawodowe lub czeladnicze. W nauczaniu praktycznym d\u0105\u017cy do rozszerzenia uprawnie\u0144, u\u0142atwiaj\u0105cych [&hellip;]<\/p>\n","protected":false},"author":1,"featured_media":0,"parent":2,"menu_order":0,"comment_status":"closed","ping_status":"closed","template":"","meta":[],"_links":{"self":[{"href":"https:\/\/www.zsz-cech-bielawa.pl\/zszcrrimp\/wp-json\/wp\/v2\/pages\/55"}],"collection":[{"href":"https:\/\/www.zsz-cech-bielawa.pl\/zszcrrimp\/wp-json\/wp\/v2\/pages"}],"about":[{"href":"https:\/\/www.zsz-cech-bielawa.pl\/zszcrrimp\/wp-json\/wp\/v2\/types\/page"}],"author":[{"embeddable":true,"href":"https:\/\/www.zsz-cech-bielawa.pl\/zszcrrimp\/wp-json\/wp\/v2\/users\/1"}],"replies":[{"embeddable":true,"href":"https:\/\/www.zsz-cech-bielawa.pl\/zszcrrimp\/wp-json\/wp\/v2\/comments?post=55"}],"version-history":[{"count":11,"href":"https:\/\/www.zsz-cech-bielawa.pl\/zszcrrimp\/wp-json\/wp\/v2\/pages\/55\/revisions"}],"predecessor-version":[{"id":2095,"href":"https:\/\/www.zsz-cech-bielawa.pl\/zszcrrimp\/wp-json\/wp\/v2\/pages\/55\/revisions\/2095"}],"up":[{"embeddable":true,"href":"https:\/\/www.zsz-cech-bielawa.pl\/zszcrrimp\/wp-json\/wp\/v2\/pages\/2"}],"wp:attachment":[{"href":"https:\/\/www.zsz-cech-bielawa.pl\/zszcrrimp\/wp-json\/wp\/v2\/media?parent=55"}],"curies":[{"name":"wp","href":"https:\/\/api.w.org\/{rel}","templated":true}]}}