                                                                                                                                                                                                                                                                                                                                                                                                                                                                   {"id":4098,"date":"2022-05-31T18:48:03","date_gmt":"2022-05-31T18:48:03","guid":{"rendered":"http:\/\/www.zsz-cech-bielawa.pl\/zszcrrimp\/?page_id=4098"},"modified":"2022-05-31T18:49:17","modified_gmt":"2022-05-31T18:49:17","slug":"klauzula-informacyjna-monitoring-wizyjny","status":"publish","type":"page","link":"https:\/\/www.zsz-cech-bielawa.pl\/zszcrrimp\/wazne-dokumenty\/klauzula-informacyjna-monitoring-wizyjny\/","title":{"rendered":"RODO &#8211; Klauzula informacyjna \u2013 monitoring wizyjny"},"content":{"rendered":"<p><a href=\"http:\/\/www.zsz-cech-bielawa.pl\/zszcrrimp\/wazne-dokumenty\/klauzula-informacyjna-monitoring-wizyjny\/attachment\/285187447_7462152077188700_2006705420470223969_n-2\/\" rel=\"attachment wp-att-4099\">\u00a0<\/a><\/p>\n<p><a href=\"http:\/\/www.zsz-cech-bielawa.pl\/zszcrrimp\/wazne-dokumenty\/klauzula-informacyjna-monitoring-wizyjny\/attachment\/monitoring\/\" rel=\"attachment wp-att-4100\"><img decoding=\"async\" loading=\"lazy\" class=\"aligncenter size-full wp-image-4100\" src=\"http:\/\/www.zsz-cech-bielawa.pl\/zszcrrimp\/wp-content\/uploads\/2022\/05\/monitoring.jpg\" alt=\"monitoring\" width=\"1009\" height=\"345\" srcset=\"https:\/\/www.zsz-cech-bielawa.pl\/zszcrrimp\/wp-content\/uploads\/2022\/05\/monitoring.jpg 1009w, https:\/\/www.zsz-cech-bielawa.pl\/zszcrrimp\/wp-content\/uploads\/2022\/05\/monitoring-300x102.jpg 300w, https:\/\/www.zsz-cech-bielawa.pl\/zszcrrimp\/wp-content\/uploads\/2022\/05\/monitoring-624x213.jpg 624w\" sizes=\"(max-width: 1009px) 100vw, 1009px\" \/><\/a><br \/>\n<strong>Klauzula informacyjna \u2013 monitoring wizyjny <\/strong><strong>w Zespole Szk\u00f3\u0142 Cechu Rzemios\u0142 R\u00f3\u017cnych w Bielawie<\/strong><\/p>\n<p>Zgodnie z art. 13 ust. 1 i ust. 2 Rozporz\u0105dzenia Parlamentu Europejskiego i Rady (UE) 2016\/679 z dnia 27 kwietnia 2016 roku w sprawie ochrony os\u00f3b fizycznych w zwi\u0105zku z przetwarzaniem danych osobowych i w sprawie swobodnego przep\u0142ywu takich danych oraz uchylenia dyrektywy 95\/46\/WE (og\u00f3lne rozporz\u0105dzenie o ochronie danych zwane dalej \u201eRODO\u201d) informujemy, \u017ce:<br \/>\n1. Administratorem danych osobowych przetwarzanych w zwi\u0105zku z funkcjonowaniem monitoringu wizyjnego jest Zesp\u00f3\u0142 Szk\u00f3\u0142 Cechu Rzemios\u0142 R\u00f3\u017cnych w Bielawie, ul. Polna 2, 58-260 Bielawa zwana dalej \u201eAdministratorem\u201d.<\/p>\n<p>2. Kontakt z wyznaczonym Inspektorem Ochrony Danych Osobowych, kt\u00f3rego funkcj\u0119 pe\u0142ni Pani Natalia Ratajewska, mo\u017cliwy jest pod ww. adresem lub pod adresem e-mail: kontakt@rodo-leszno.com.pl.<\/p>\n<p>3. Dane osobowe zbierane w ramach monitoringu wizyjnego s\u0105\u0328 przetwarzane na podstawie art. 6 ust. 1 lit e) RODO oraz art. 108a ust. 1 ustawy Prawo o\u015bwiatowe (Dz.U.2021.1082 t.j.). w celu zapewnienia bezpiecze\u0144stwa uczni\u00f3w i pracownik\u00f3w oraz ochrony mienia.<\/p>\n<p>4. Zapisy z monitoringu s\u0105\u0328 przechowywane przez okres nieprzekraczaj\u0105cy 7 dni, a nast\u0119pnie podlegaj\u0105 automatycznemu skasowaniu.<br \/>\nZgodnie z art. 108a ust. 5, na podstawie odr\u0119bnych przepis\u00f3w, dane mog\u0105 by\u0107 przechowywane przez okres d\u0142u\u017cszy ni\u017c 3 miesi\u0105ce (np. w przypadku incydent\u00f3w naruszenia bezpiecze\u0144stwa os\u00f3b lub mienia albo dost\u0119pu os\u00f3b nieupowa\u017cnionych &#8211; do czasu zako\u0144czenia odpowiednich post\u0119powa\u0144).<\/p>\n<p>5. O stosowaniu monitoringu wizyjnego informuj\u0105\u0328 znaki graficzne z piktogramem kamery umieszczone bezpo\u015brednio w miejscach zbierania danych (wizerunku), na drzwiach wej\u015bciowych do obiektu lub w innych widocznych miejscach.<\/p>\n<p>6. Odbiorcami danych z monitoringu b\u0119d\u0105 wy\u0142\u0105cznie podmioty uprawnione z mocy prawa, upowa\u017cniony personel wewn\u0119trzny i podwykonawcy \u015bwiadcz\u0105cy na rzecz administratora us\u0142ugi w zakresie ochrony os\u00f3b i mienia oraz dostawcy sprz\u0119tu i oprogramowania w niezb\u0119dnym zakresie, z kt\u00f3rymi Administrator zawar\u0142 stosowne umowy powierzenia przetwarzania danych.<\/p>\n<p>7. Osoba zarejestrowana przez system monitoringu ma prawo do:<br \/>\ndost\u0119pu do zapisu przy za\u0142o\u017ceniu, \u017ce nie naruszy to praw i wolno\u015bci os\u00f3b trzecich,<br \/>\nusuni\u0119cia danych w przypadku wyst\u0105pienia jednej z okoliczno\u015bci wymienionych w art. 17 ust. 1 RODO (i w przypadku, gdy nie wyst\u0119puje \u017caden z wyj\u0105tk\u00f3w okre\u015blonych w art. 17 ust. 3 RODO),<br \/>\nwniesienia sprzeciwu wobec przetwarzania zgodnie z art. 21 RODO.<\/p>\n<p>8. Je\u017celi osoba, kt\u00f3rej wizerunek zosta\u0142 utrwalony uzna, \u017ce jej dane s\u0105 przetwarzane niezgodnie z prawem, ma prawo do z\u0142o\u017cenia skargi do Prezesa Urz\u0119du Ochrony Danych Osobowych.<\/p>\n<p>9. Dane z monitoringu nie s\u0105 poddawane zautomatyzowanemu podejmowaniu decyzji, w tym nie s\u0105\u0328 poddawane profilowaniu. Dane nie b\u0119d\u0105 przekazywane poza Europejski Obszar Gospodarczy ani organizacjom mi\u0119dzynarodowym.<\/p>\n","protected":false},"excerpt":{"rendered":"<p>\u00a0 Klauzula informacyjna \u2013 monitoring wizyjny w Zespole Szk\u00f3\u0142 Cechu Rzemios\u0142 R\u00f3\u017cnych w Bielawie Zgodnie z art. 13 ust. 1 i ust. 2 Rozporz\u0105dzenia Parlamentu Europejskiego i Rady (UE) 2016\/679 z dnia 27 kwietnia 2016 roku w sprawie ochrony os\u00f3b fizycznych w zwi\u0105zku z przetwarzaniem danych osobowych i w sprawie swobodnego przep\u0142ywu takich danych oraz [&hellip;]<\/p>\n","protected":false},"author":1,"featured_media":0,"parent":1182,"menu_order":0,"comment_status":"closed","ping_status":"closed","template":"","meta":[],"_links":{"self":[{"href":"https:\/\/www.zsz-cech-bielawa.pl\/zszcrrimp\/wp-json\/wp\/v2\/pages\/4098"}],"collection":[{"href":"https:\/\/www.zsz-cech-bielawa.pl\/zszcrrimp\/wp-json\/wp\/v2\/pages"}],"about":[{"href":"https:\/\/www.zsz-cech-bielawa.pl\/zszcrrimp\/wp-json\/wp\/v2\/types\/page"}],"author":[{"embeddable":true,"href":"https:\/\/www.zsz-cech-bielawa.pl\/zszcrrimp\/wp-json\/wp\/v2\/users\/1"}],"replies":[{"embeddable":true,"href":"https:\/\/www.zsz-cech-bielawa.pl\/zszcrrimp\/wp-json\/wp\/v2\/comments?post=4098"}],"version-history":[{"count":4,"href":"https:\/\/www.zsz-cech-bielawa.pl\/zszcrrimp\/wp-json\/wp\/v2\/pages\/4098\/revisions"}],"predecessor-version":[{"id":4104,"href":"https:\/\/www.zsz-cech-bielawa.pl\/zszcrrimp\/wp-json\/wp\/v2\/pages\/4098\/revisions\/4104"}],"up":[{"embeddable":true,"href":"https:\/\/www.zsz-cech-bielawa.pl\/zszcrrimp\/wp-json\/wp\/v2\/pages\/1182"}],"wp:attachment":[{"href":"https:\/\/www.zsz-cech-bielawa.pl\/zszcrrimp\/wp-json\/wp\/v2\/media?parent=4098"}],"curies":[{"name":"wp","href":"https:\/\/api.w.org\/{rel}","templated":true}]}}