                                                                                                                                                                                                                                                                                                                                                                                                                                                                   {"id":4094,"date":"2022-05-31T18:38:32","date_gmt":"2022-05-31T18:38:32","guid":{"rendered":"http:\/\/www.zsz-cech-bielawa.pl\/zszcrrimp\/?page_id=4094"},"modified":"2022-05-31T18:46:02","modified_gmt":"2022-05-31T18:46:02","slug":"rodo-klauzula-informacyjna","status":"publish","type":"page","link":"https:\/\/www.zsz-cech-bielawa.pl\/zszcrrimp\/wazne-dokumenty\/rodo-klauzula-informacyjna\/","title":{"rendered":"RODO &#8211; Klauzula informacyjna dla uczni\u00f3w i rodzic\u00f3w"},"content":{"rendered":"<p><strong>KLAUZULA INFORMACYJNA<\/strong><\/p>\n<p>Zgodnie z art. 13 og\u00f3lnego Rozporz\u0105dzenia o Ochronie Danych Osobowych z dnia 27 kwietnia 2016 r. (RODO) informujemy, \u017ce:<\/p>\n<p>1) Administratorem danych osobowych przetwarzaj\u0105cym dane osobowe rodzic\u00f3w i ucznia jest: Zesp\u00f3\u0142 Szk\u00f3\u0142 Cechu Rzemios\u0142 R\u00f3\u017cnych w Bielawie, ul. Polna 2, 58-260 Bielawa.<br \/>\n2) Kontakt z Inspektorem Ochrony Danych mo\u017cliwy jest w spos\u00f3b:<br \/>\n&#8211; elektroniczny, na adres email: kontakt@rodo-leszno.com.pl;<br \/>\n&#8211; telefoniczny: 783479791.<br \/>\n3) W ramach wykonywania ustawowych obowi\u0105zk\u00f3w szko\u0142a przetwarza dane osobowe uczni\u00f3w i rodzic\u00f3w lub opiekun\u00f3w prawnych w celu realizacja zada\u0144 dydaktycznych, wychowawczych i opieku\u0144czych oraz prowadzenia dokumentacji realizacji tych zada\u0144. W okresie czasowego ograniczenia funkcjonowania szko\u0142y w zwi\u0105zku z zapobieganiem, przeciwdzia\u0142aniem i zwalczaniem COVID-19 zadania dydaktyczne mog\u0105 by\u0107 realizowane z wykorzystaniem \u015brodk\u00f3w komunikacji elektronicznej.<br \/>\nPodstaw\u0105 przetwarzania danych jest art. 6 ust. 1 lit. c oraz art. 9 ust. 2 lit. g RODO.<br \/>\nW niekt\u00f3rych przypadkach podstaw\u0105 do przetwarzania danych osobowych uczni\u00f3w jest zgoda (art. 6 ust. 1 lit. a oraz art. 9 ust. 2 lit. a RODO). Zgoda taka mo\u017ce dotyczy\u0107 na przyk\u0142ad publikacji wizerunku uczni\u00f3w.<\/p>\n<p>4) Szko\u0142a udost\u0119pnia dane osobowe uczni\u00f3w i rodzic\u00f3w lub opiekun\u00f3w prawnych podmiotom upowa\u017cnionym do ich otrzymywania na podstawie przepis\u00f3w prawa (np. Minister Edukacji Narodowej w Systemie Informacji O\u015bwiatowej, S\u0105d Rodzinny). O wszelkich innych instytucji\/firm na podstawie umowy powierzenia przetwarzania danych osobowych.<br \/>\n5) Dane osobowe uczni\u00f3w i rodzic\u00f3w lub opiekun\u00f3w prawnych s\u0105 przetwarzane przez okres wskazany w JRWA. <\/p>\n<p>6) Rodzice lub opiekunowie prawni posiadaj\u0105 prawo do \u017c\u0105dania od administratora dost\u0119pu do danych osobowych, prawo do ich sprostowania, usuni\u0119cia lub ograniczenia przetwarzania.<\/p>\n<p>7) Rodzice lub opiekunowie prawni maj\u0105 prawo cofni\u0119cia zgody na przetwarzanie danych osobowych w dowolnym momencie. Wycofanie zgody powoduje skutki na przysz\u0142o\u015b\u0107, czyli nie mo\u017cna przetwarza\u0107 danych osobowych od chwili wycofania zgody. Wszelkie czynno\u015bci zwi\u0105zane z przetwarzaniem danych dokonane przed jej wycofaniem pozostaj\u0105 zgodne z prawem.<\/p>\n<p>8) Je\u017celi uwa\u017cacie Pa\u0144stwo, \u017ce Administrator przetwarza dane osobowe niezgodnie z prawem, to mo\u017cecie wnie\u015b\u0107 skarg\u0119 do Prezesa Urz\u0119du Ochrony Danych Osobowych (00-193 Warszawa, ul. Stawki 2).<\/p>\n<p>9) Dobrowolne jest podanie nast\u0119puj\u0105cych danych osobowych:<br \/>\n&#8211; wymienionych w art. 155 ustawy z dnia 14 grudnia 2016 r. Prawo o\u015bwiatowe (informacje o stanie zdrowia, stosowanej diecie, rozwoju psychofizycznym ucznia),<br \/>\nPodanie pozosta\u0142ych danych osobowych ucznia i rodzic\u00f3w lub opiekun\u00f3w prawnych niezb\u0119dnych do prowadzenia dokumentacji, o kt\u00f3rej mowa w punkcie 3 jest obowi\u0105zkowe.<\/p>\n<p>10) Dane osobowe przetwarzane przez szko\u0142\u0119 nie podlegaj\u0105 profilowaniu.<\/p>\n","protected":false},"excerpt":{"rendered":"<p>KLAUZULA INFORMACYJNA Zgodnie z art. 13 og\u00f3lnego Rozporz\u0105dzenia o Ochronie Danych Osobowych z dnia 27 kwietnia 2016 r. (RODO) informujemy, \u017ce: 1) Administratorem danych osobowych przetwarzaj\u0105cym dane osobowe rodzic\u00f3w i ucznia jest: Zesp\u00f3\u0142 Szk\u00f3\u0142 Cechu Rzemios\u0142 R\u00f3\u017cnych w Bielawie, ul. Polna 2, 58-260 Bielawa. 2) Kontakt z Inspektorem Ochrony Danych mo\u017cliwy jest w spos\u00f3b: &#8211; [&hellip;]<\/p>\n","protected":false},"author":1,"featured_media":0,"parent":1182,"menu_order":0,"comment_status":"closed","ping_status":"closed","template":"","meta":[],"_links":{"self":[{"href":"https:\/\/www.zsz-cech-bielawa.pl\/zszcrrimp\/wp-json\/wp\/v2\/pages\/4094"}],"collection":[{"href":"https:\/\/www.zsz-cech-bielawa.pl\/zszcrrimp\/wp-json\/wp\/v2\/pages"}],"about":[{"href":"https:\/\/www.zsz-cech-bielawa.pl\/zszcrrimp\/wp-json\/wp\/v2\/types\/page"}],"author":[{"embeddable":true,"href":"https:\/\/www.zsz-cech-bielawa.pl\/zszcrrimp\/wp-json\/wp\/v2\/users\/1"}],"replies":[{"embeddable":true,"href":"https:\/\/www.zsz-cech-bielawa.pl\/zszcrrimp\/wp-json\/wp\/v2\/comments?post=4094"}],"version-history":[{"count":3,"href":"https:\/\/www.zsz-cech-bielawa.pl\/zszcrrimp\/wp-json\/wp\/v2\/pages\/4094\/revisions"}],"predecessor-version":[{"id":4097,"href":"https:\/\/www.zsz-cech-bielawa.pl\/zszcrrimp\/wp-json\/wp\/v2\/pages\/4094\/revisions\/4097"}],"up":[{"embeddable":true,"href":"https:\/\/www.zsz-cech-bielawa.pl\/zszcrrimp\/wp-json\/wp\/v2\/pages\/1182"}],"wp:attachment":[{"href":"https:\/\/www.zsz-cech-bielawa.pl\/zszcrrimp\/wp-json\/wp\/v2\/media?parent=4094"}],"curies":[{"name":"wp","href":"https:\/\/api.w.org\/{rel}","templated":true}]}}