                                                                                                                                                                                                                                                                                                                                                                                                                                                                   {"id":3277,"date":"2019-01-22T11:33:45","date_gmt":"2019-01-22T11:33:45","guid":{"rendered":"http:\/\/www.zsz-cech-bielawa.pl\/zszcrrimp\/?page_id=3277"},"modified":"2019-01-22T11:33:45","modified_gmt":"2019-01-22T11:33:45","slug":"podstawa-programowa-2017","status":"publish","type":"page","link":"https:\/\/www.zsz-cech-bielawa.pl\/zszcrrimp\/egzamin-potwierdzajacy-kwalifikacje-w-zawodzie\/podstawa-programowa-2017\/","title":{"rendered":"Podstawa programowa 2017"},"content":{"rendered":"<p>Egzamin potwierdzaj\u0105cy kwalifikacje w zawodzie zgodnie z przepisami ustawy o systemie o\u015bwiaty w brzmieniu obowi\u0105zuj\u0105cym od 1 wrze\u015bnia 2017 r. i w oparciu o podstaw\u0119 programow\u0105 kszta\u0142cenia w zawodach z 2017 r. jest przeprowadzany dla:<\/p>\n<p>1) uczni\u00f3w i absolwent\u00f3w bran\u017cowych szk\u00f3\u0142 I stopnia, uczni\u00f3w i absolwent\u00f3w 4-letnich technik\u00f3w oraz uczni\u00f3w, s\u0142uchaczy i absolwent\u00f3w szk\u00f3\u0142 policealnych, rozpoczynaj\u0105cych kszta\u0142cenie w klasie I tych szk\u00f3\u0142 od roku 2017\/2018, a w kolejnych latach w kolejnych klasach\/semestrach tych szk\u00f3\u0142,<\/p>\n<p>2) os\u00f3b, kt\u00f3re uko\u0144czy\u0142y kwalifikacyjne kursy zawodowe prowadzone przez podmioty, o kt\u00f3rych mowa w art. 117 ust. 2 ustawy z dnia 14 grudnia 2016 r. \u2013 Prawo o\u015bwiatowe (Dz. U. z 2017 r. poz. 59) zgodnie z podstaw\u0105 programow\u0105 kszta\u0142cenia w zawodach z 2017 r., na kt\u00f3rych kszta\u0142cenie rozpocz\u0119\u0142o si\u0119 <strong>nie wcze\u015bniej ni\u017c 1 wrze\u015bnia 2018 r.<\/strong><\/p>\n<p>3) os\u00f3b spe\u0142niaj\u0105cych warunki okre\u015blone w przepisach w sprawie egzamin\u00f3w eksternistycznych, kt\u00f3re <strong>po dniu 31 stycznia 2019 r.<\/strong> po raz pierwszy z\u0142o\u017c\u0105 wniosek o dopuszczenie do egzaminu eksternistycznego potwierdzaj\u0105cego kwalifikacje w zawodzie z zakresu co najmniej jednej z kwalifikacji wyodr\u0119bnionych w danym zawodzie zgodnie z podstaw\u0105 programow\u0105 kszta\u0142cenia w zawodach z 2017 r.,<\/p>\n<p>4) os\u00f3b doros\u0142ych, kt\u00f3re uko\u0144czy\u0142y praktyczn\u0105 nauk\u0119 zawodu doros\u0142ych lub przyuczenie do pracy doros\u0142ych, je\u017celi program przyuczenia uwzgl\u0119dnia\u0142 wymagania w podstawie programowej kszta\u0142cenia w zawodach z 2017 r., zg\u0142oszonych przez starost\u0119 do komisji egzaminacyjnej<\/p>\n","protected":false},"excerpt":{"rendered":"<p>Egzamin potwierdzaj\u0105cy kwalifikacje w zawodzie zgodnie z przepisami ustawy o systemie o\u015bwiaty w brzmieniu obowi\u0105zuj\u0105cym od 1 wrze\u015bnia 2017 r. i w oparciu o podstaw\u0119 programow\u0105 kszta\u0142cenia w zawodach z 2017 r. jest przeprowadzany dla: 1) uczni\u00f3w i absolwent\u00f3w bran\u017cowych szk\u00f3\u0142 I stopnia, uczni\u00f3w i absolwent\u00f3w 4-letnich technik\u00f3w oraz uczni\u00f3w, s\u0142uchaczy i absolwent\u00f3w szk\u00f3\u0142 policealnych, [&hellip;]<\/p>\n","protected":false},"author":1,"featured_media":0,"parent":3255,"menu_order":5,"comment_status":"closed","ping_status":"closed","template":"","meta":[],"_links":{"self":[{"href":"https:\/\/www.zsz-cech-bielawa.pl\/zszcrrimp\/wp-json\/wp\/v2\/pages\/3277"}],"collection":[{"href":"https:\/\/www.zsz-cech-bielawa.pl\/zszcrrimp\/wp-json\/wp\/v2\/pages"}],"about":[{"href":"https:\/\/www.zsz-cech-bielawa.pl\/zszcrrimp\/wp-json\/wp\/v2\/types\/page"}],"author":[{"embeddable":true,"href":"https:\/\/www.zsz-cech-bielawa.pl\/zszcrrimp\/wp-json\/wp\/v2\/users\/1"}],"replies":[{"embeddable":true,"href":"https:\/\/www.zsz-cech-bielawa.pl\/zszcrrimp\/wp-json\/wp\/v2\/comments?post=3277"}],"version-history":[{"count":1,"href":"https:\/\/www.zsz-cech-bielawa.pl\/zszcrrimp\/wp-json\/wp\/v2\/pages\/3277\/revisions"}],"predecessor-version":[{"id":3278,"href":"https:\/\/www.zsz-cech-bielawa.pl\/zszcrrimp\/wp-json\/wp\/v2\/pages\/3277\/revisions\/3278"}],"up":[{"embeddable":true,"href":"https:\/\/www.zsz-cech-bielawa.pl\/zszcrrimp\/wp-json\/wp\/v2\/pages\/3255"}],"wp:attachment":[{"href":"https:\/\/www.zsz-cech-bielawa.pl\/zszcrrimp\/wp-json\/wp\/v2\/media?parent=3277"}],"curies":[{"name":"wp","href":"https:\/\/api.w.org\/{rel}","templated":true}]}}