                                                                                                                                                                                                                                                                                                                                                                                                                                                                   {"id":3273,"date":"2019-01-22T11:31:45","date_gmt":"2019-01-22T11:31:45","guid":{"rendered":"http:\/\/www.zsz-cech-bielawa.pl\/zszcrrimp\/?page_id=3273"},"modified":"2019-01-22T11:32:02","modified_gmt":"2019-01-22T11:32:02","slug":"podstawa-programowa-2012","status":"publish","type":"page","link":"https:\/\/www.zsz-cech-bielawa.pl\/zszcrrimp\/egzamin-potwierdzajacy-kwalifikacje-w-zawodzie\/podstawa-programowa-2012\/","title":{"rendered":"Podstawa programowa 2012"},"content":{"rendered":"<p>Egzamin potwierdzaj\u0105cy kwalifikacje w zawodzie zgodnie z przepisami ustawy o systemie o\u015bwiaty w brzmieniu obowi\u0105zuj\u0105cym przed 1 wrze\u015bnia 2017 r. i w oparciu o podstaw\u0119 programow\u0105 kszta\u0142cenia w zawodach z 2012 r. jest przeprowadzany:<\/p>\n<p>\u2212 <strong>do zako\u0144czenia kszta\u0142cenia w danym cyklu dla uczni\u00f3w i s\u0142uchaczy zasadniczych szk\u00f3\u0142 zawodowych, technik\u00f3w i szk\u00f3\u0142 policealnych, kt\u00f3rzy rozpocz\u0119li nauk\u0119 przed rokiem szkolnym 2017\/2018<\/strong> (nie wcze\u015bniej ni\u017c 1 wrze\u015bnia 2012 r.)<\/p>\n<p><strong>\u2212 do ko\u0144ca roku szkolnego 2024\/2025 dla:<\/strong><\/p>\n<p>1) absolwent\u00f3w zasadniczych szk\u00f3\u0142 zawodowych, technik\u00f3w i szk\u00f3\u0142 policealnych, kt\u00f3rzy rozpocz\u0119li nauk\u0119 przed rokiem szkolnym 2017\/2018 (nie wcze\u015bniej ni\u017c 1 wrze\u015bnia 2012 r.);<\/p>\n<p>2) absolwent\u00f3w zasadniczych szk\u00f3\u0142 zawodowych, technik\u00f3w, technik\u00f3w uzupe\u0142niaj\u0105cych i szk\u00f3\u0142 policealnych, kt\u00f3rzy rozpocz\u0119li kszta\u0142cenie przed 1 wrze\u015bnia 2012 r., kt\u00f3rzy do ko\u0144ca roku szkolonego 2016\/2017 nie zdali egzaminu potwierdzaj\u0105cego kwalifikacje zawodowe lub nie przyst\u0105pili do tego egzaminu<\/p>\n<p><strong> \u2212 do dnia 31 pa\u017adziernika 2025 r. dla:<\/strong><\/p>\n<p>1) os\u00f3b, kt\u00f3re uko\u0144czy\u0142y kwalifikacyjny kurs zawodowy prowadzony w oparciu o podstaw\u0119 programow\u0105 kszta\u0142cenia w zawodach z 2012 r. (kszta\u0142cenie prowadzone do 31 grudnia 2019 r.)<\/p>\n<p>2) os\u00f3b spe\u0142niaj\u0105cych warunki okre\u015blone w przepisach w sprawie egzamin\u00f3w eksternistycznych, kt\u00f3re do dnia 31 stycznia 2019 r. z\u0142o\u017cy\u0142y wniosek o dopuszczenie do egzaminu eksternistycznego potwierdzaj\u0105cego kwalifikacje w zawodzie z zakresu co najmniej jednej z kwalifikacji wyodr\u0119bnionych w danym zawodzie zgodnie z podstaw\u0105 programow\u0105 kszta\u0142cenia w zawodach z 2012 r.;<\/p>\n<p>3) os\u00f3b doros\u0142ych, kt\u00f3re uko\u0144czy\u0142y praktyczn\u0105 nauk\u0119 zawodu doros\u0142ych lub przyuczenia do pracy doros\u0142ych, o kt\u00f3rych mowa odpowiednio w art. 53c i art. 53d ustawy z dnia 20 kwietnia 2004 r. o promocji zatrudnienia i instytucjach rynku pracy (Dz.U. z 2015 r. poz. 149, z p\u00f3\u017an. zm.), prowadzone zgodnie z podstaw\u0105 programow\u0105 kszta\u0142cenia w zawodach z 2012 r. .<\/p>\n","protected":false},"excerpt":{"rendered":"<p>Egzamin potwierdzaj\u0105cy kwalifikacje w zawodzie zgodnie z przepisami ustawy o systemie o\u015bwiaty w brzmieniu obowi\u0105zuj\u0105cym przed 1 wrze\u015bnia 2017 r. i w oparciu o podstaw\u0119 programow\u0105 kszta\u0142cenia w zawodach z 2012 r. jest przeprowadzany: \u2212 do zako\u0144czenia kszta\u0142cenia w danym cyklu dla uczni\u00f3w i s\u0142uchaczy zasadniczych szk\u00f3\u0142 zawodowych, technik\u00f3w i szk\u00f3\u0142 policealnych, kt\u00f3rzy rozpocz\u0119li nauk\u0119 [&hellip;]<\/p>\n","protected":false},"author":1,"featured_media":0,"parent":3255,"menu_order":4,"comment_status":"closed","ping_status":"closed","template":"","meta":[],"_links":{"self":[{"href":"https:\/\/www.zsz-cech-bielawa.pl\/zszcrrimp\/wp-json\/wp\/v2\/pages\/3273"}],"collection":[{"href":"https:\/\/www.zsz-cech-bielawa.pl\/zszcrrimp\/wp-json\/wp\/v2\/pages"}],"about":[{"href":"https:\/\/www.zsz-cech-bielawa.pl\/zszcrrimp\/wp-json\/wp\/v2\/types\/page"}],"author":[{"embeddable":true,"href":"https:\/\/www.zsz-cech-bielawa.pl\/zszcrrimp\/wp-json\/wp\/v2\/users\/1"}],"replies":[{"embeddable":true,"href":"https:\/\/www.zsz-cech-bielawa.pl\/zszcrrimp\/wp-json\/wp\/v2\/comments?post=3273"}],"version-history":[{"count":2,"href":"https:\/\/www.zsz-cech-bielawa.pl\/zszcrrimp\/wp-json\/wp\/v2\/pages\/3273\/revisions"}],"predecessor-version":[{"id":3276,"href":"https:\/\/www.zsz-cech-bielawa.pl\/zszcrrimp\/wp-json\/wp\/v2\/pages\/3273\/revisions\/3276"}],"up":[{"embeddable":true,"href":"https:\/\/www.zsz-cech-bielawa.pl\/zszcrrimp\/wp-json\/wp\/v2\/pages\/3255"}],"wp:attachment":[{"href":"https:\/\/www.zsz-cech-bielawa.pl\/zszcrrimp\/wp-json\/wp\/v2\/media?parent=3273"}],"curies":[{"name":"wp","href":"https:\/\/api.w.org\/{rel}","templated":true}]}}