                                                                                                                                                                                                                                                                                                                                                                                                                                                                   {"id":3263,"date":"2019-01-22T11:21:00","date_gmt":"2019-01-22T11:21:00","guid":{"rendered":"http:\/\/www.zsz-cech-bielawa.pl\/zszcrrimp\/?page_id=3263"},"modified":"2019-01-22T11:21:00","modified_gmt":"2019-01-22T11:21:00","slug":"dostosowanie-potrzeb-na-egzaminie","status":"publish","type":"page","link":"https:\/\/www.zsz-cech-bielawa.pl\/zszcrrimp\/egzamin-potwierdzajacy-kwalifikacje-w-zawodzie\/dostosowanie-potrzeb-na-egzaminie\/","title":{"rendered":"Dostosowanie potrzeb na egzaminie"},"content":{"rendered":"<p><strong>Dostosowanie warunk\u00f3w i\/lub form egzaminu zawodowego \u2013 na podstawie \u200e\u200eodpowiednich dokument\u00f3w \u2013 przys\u0142uguje osobom:\u200e<\/strong><\/p>\n<ol>\n<li>nies\u0142ysz\u0105cym<\/li>\n<li>s\u0142abos\u0142ysz\u0105cym<\/li>\n<li>niewidomym<\/li>\n<li>s\u0142abowidz\u0105cym<\/li>\n<li>z niepe\u0142nosprawno\u015bci\u0105 ruchow\u0105 i z czasow\u0105 niesprawno\u015bci\u0105 r\u0105k<\/li>\n<li>z afazj\u0105<\/li>\n<li>z niepe\u0142nosprawno\u015bci\u0105 intelektualn\u0105 w stopniu lekkim<\/li>\n<li>z autyzmem, w tym z zespo\u0142em Aspergera<\/li>\n<li>z chorobami przewlek\u0142ymi<\/li>\n<li>chorym lub niesprawnym czasowo<\/li>\n<li>ze specyficznymi trudno\u015bciami w uczeniu si\u0119<\/li>\n<li>z niedostosowaniem spo\u0142ecznym lub zagro\u017ceniem niedostosowaniem spo\u0142ecznym<\/li>\n<li>kt\u00f3re znalaz\u0142y si\u0119 w sytuacji kryzysowej lub traumatycznej<\/li>\n<li>kt\u00f3re maj\u0105 trudno\u015bci adaptacyjne zwi\u0105zane z wcze\u015bniejszym kszta\u0142ceniem za granic\u0105<\/li>\n<li>z zaburzeniami komunikacji j\u0119zykowej.<\/li>\n<\/ol>\n<p>Szczeg\u00f3\u0142owe sposoby dostosowania s\u0105 wymienione w komunikacie dyrektora CKE, kt\u00f3ry publikowany jest nie p\u00f3\u017aniej ni\u017c do 1 wrze\u015bnia roku szkolnego, w kt\u00f3rym jest przeprowadzany egzamin zawodowy.<\/p>\n","protected":false},"excerpt":{"rendered":"<p>Dostosowanie warunk\u00f3w i\/lub form egzaminu zawodowego \u2013 na podstawie \u200e\u200eodpowiednich dokument\u00f3w \u2013 przys\u0142uguje osobom:\u200e nies\u0142ysz\u0105cym s\u0142abos\u0142ysz\u0105cym niewidomym s\u0142abowidz\u0105cym z niepe\u0142nosprawno\u015bci\u0105 ruchow\u0105 i z czasow\u0105 niesprawno\u015bci\u0105 r\u0105k z afazj\u0105 z niepe\u0142nosprawno\u015bci\u0105 intelektualn\u0105 w stopniu lekkim z autyzmem, w tym z zespo\u0142em Aspergera z chorobami przewlek\u0142ymi chorym lub niesprawnym czasowo ze specyficznymi trudno\u015bciami w uczeniu si\u0119 z [&hellip;]<\/p>\n","protected":false},"author":1,"featured_media":0,"parent":3255,"menu_order":3,"comment_status":"closed","ping_status":"closed","template":"","meta":[],"_links":{"self":[{"href":"https:\/\/www.zsz-cech-bielawa.pl\/zszcrrimp\/wp-json\/wp\/v2\/pages\/3263"}],"collection":[{"href":"https:\/\/www.zsz-cech-bielawa.pl\/zszcrrimp\/wp-json\/wp\/v2\/pages"}],"about":[{"href":"https:\/\/www.zsz-cech-bielawa.pl\/zszcrrimp\/wp-json\/wp\/v2\/types\/page"}],"author":[{"embeddable":true,"href":"https:\/\/www.zsz-cech-bielawa.pl\/zszcrrimp\/wp-json\/wp\/v2\/users\/1"}],"replies":[{"embeddable":true,"href":"https:\/\/www.zsz-cech-bielawa.pl\/zszcrrimp\/wp-json\/wp\/v2\/comments?post=3263"}],"version-history":[{"count":1,"href":"https:\/\/www.zsz-cech-bielawa.pl\/zszcrrimp\/wp-json\/wp\/v2\/pages\/3263\/revisions"}],"predecessor-version":[{"id":3264,"href":"https:\/\/www.zsz-cech-bielawa.pl\/zszcrrimp\/wp-json\/wp\/v2\/pages\/3263\/revisions\/3264"}],"up":[{"embeddable":true,"href":"https:\/\/www.zsz-cech-bielawa.pl\/zszcrrimp\/wp-json\/wp\/v2\/pages\/3255"}],"wp:attachment":[{"href":"https:\/\/www.zsz-cech-bielawa.pl\/zszcrrimp\/wp-json\/wp\/v2\/media?parent=3263"}],"curies":[{"name":"wp","href":"https:\/\/api.w.org\/{rel}","templated":true}]}}