                                                                                                                                                                                                                                                                                                                                                                                                                                                                   {"id":3259,"date":"2019-01-22T11:19:23","date_gmt":"2019-01-22T11:19:23","guid":{"rendered":"http:\/\/www.zsz-cech-bielawa.pl\/zszcrrimp\/?page_id=3259"},"modified":"2019-01-22T11:39:35","modified_gmt":"2019-01-22T11:39:35","slug":"czesc-pisemna-i-czesc-praktyczna-egzaminu","status":"publish","type":"page","link":"https:\/\/www.zsz-cech-bielawa.pl\/zszcrrimp\/egzamin-potwierdzajacy-kwalifikacje-w-zawodzie\/czesc-pisemna-i-czesc-praktyczna-egzaminu\/","title":{"rendered":"Struktura organizacyjna"},"content":{"rendered":"<p><strong>Egzamin potwierdzaj\u0105cy kwalifikacje w zawodzie jest przeprowadzany:<\/strong><\/p>\n<ol>\n<li>z zakresu danej kwalifikacji wyodr\u0119bnionej w zawodzie lub w zawodach zgodnie z klasyfikacj\u0105 zawod\u00f3w szkolnictwa zawodowego,<\/li>\n<li>na podstawie wymaga\u0144 okre\u015blonych w podstawie programowej kszta\u0142cenia w zawodach.<\/li>\n<\/ol>\n<p><strong>Egzamin potwierdzaj\u0105cy kwalifikacje w zawodzie sk\u0142ada si\u0119:<\/strong><\/p>\n<ol>\n<li>z cz\u0119\u015bci pisemnej polegaj\u0105cej na rozwi\u0105zaniu testu pisemnego, b. z cz\u0119\u015bci praktycznej polegaj\u0105cej na wykonaniu zadania praktycznego.<\/li>\n<\/ol>\n<ul>\n<li>Cz\u0119\u015b\u0107 pisemna egzaminu z ka\u017cdej kwalifikacji trwa 60 minut.<\/li>\n<li>Cz\u0119\u015b\u0107 praktyczna egzaminu jest r\u00f3\u017cna dla r\u00f3\u017cnych kwalifikacji i mo\u017ce trwa\u0107 120, 150, 180, 210 lub 240 minut (informacje w Informatorach). Cz\u0119\u015b\u0107 pisemna egzaminu jest przeprowadzana z wykorzystaniem elektronicznego systemu przeprowadzania egzaminu (przy komputerze) lub arkuszy i kart odpowiedzi.<\/li>\n<\/ul>\n<p><!--more--><\/p>\n<p><strong>Cz\u0119\u015b\u0107 praktyczna egzaminu jest przeprowadzana wed\u0142ug modelu:<\/strong><\/p>\n<p>w \u2013 gdy rezultatem ko\u0144cowym jest wyr\u00f3b lub us\u0142uga,<\/p>\n<p>wk \u2013 gdy rezultatem ko\u0144cowym jest wyr\u00f3b lub us\u0142uga, uzyskana z wykorzystaniem komputera,<\/p>\n<p>d \u2013 gdy jedynym rezultatem ko\u0144cowym jest dokumentacja,<\/p>\n<p>dk \u2013 gdy jedynym rezultatem ko\u0144cowym jest dokumentacja uzyskana z wykorzystaniem komputera.<\/p>\n<p>Przyk\u0142adowe zadania egzaminacyjne wraz z rozwi\u0105zaniami s\u0105 zamieszczone w Informatorach o egzaminie potwierdzaj\u0105cym kwalifikacje w zawodzie, dost\u0119pnych w zak\u0142adce Informatory oraz na stronie Centralnej Komisji Egzaminacyjnej<\/p>\n<p><!--more--><\/p>\n<p style=\"text-align: left;\"><strong>Aby zda\u0107 egzamin potwierdzaj\u0105cy kwalifikacj\u0119 w danym zawodzie, nale\u017cy uzyska\u0107:\u200e<\/strong><\/p>\n<ol>\n<li><strong>\u200ez cz\u0119\u015bci pisemnej<\/strong>\u00a0\u2013 co najmniej 50% punkt\u00f3w mo\u017cliwych do uzyskania (czyli minimum \u200e\u200e20 punkt\u00f3w), oraz\u200e \u200e<\/li>\n<li><strong>z cz\u0119\u015bci praktycznej<\/strong>\u00a0\u2013 co najmniej 75% punkt\u00f3w mo\u017cliwych do uzyskania. \u200e<\/li>\n<\/ol>\n<p>Wynik egzaminu zawodowego ustala i przekazuje komisja okr\u0119gowa.<\/p>\n","protected":false},"excerpt":{"rendered":"<p>Egzamin potwierdzaj\u0105cy kwalifikacje w zawodzie jest przeprowadzany: z zakresu danej kwalifikacji wyodr\u0119bnionej w zawodzie lub w zawodach zgodnie z klasyfikacj\u0105 zawod\u00f3w szkolnictwa zawodowego, na podstawie wymaga\u0144 okre\u015blonych w podstawie programowej kszta\u0142cenia w zawodach. Egzamin potwierdzaj\u0105cy kwalifikacje w zawodzie sk\u0142ada si\u0119: z cz\u0119\u015bci pisemnej polegaj\u0105cej na rozwi\u0105zaniu testu pisemnego, b. z cz\u0119\u015bci praktycznej polegaj\u0105cej na wykonaniu [&hellip;]<\/p>\n","protected":false},"author":1,"featured_media":0,"parent":3255,"menu_order":2,"comment_status":"closed","ping_status":"closed","template":"","meta":[],"_links":{"self":[{"href":"https:\/\/www.zsz-cech-bielawa.pl\/zszcrrimp\/wp-json\/wp\/v2\/pages\/3259"}],"collection":[{"href":"https:\/\/www.zsz-cech-bielawa.pl\/zszcrrimp\/wp-json\/wp\/v2\/pages"}],"about":[{"href":"https:\/\/www.zsz-cech-bielawa.pl\/zszcrrimp\/wp-json\/wp\/v2\/types\/page"}],"author":[{"embeddable":true,"href":"https:\/\/www.zsz-cech-bielawa.pl\/zszcrrimp\/wp-json\/wp\/v2\/users\/1"}],"replies":[{"embeddable":true,"href":"https:\/\/www.zsz-cech-bielawa.pl\/zszcrrimp\/wp-json\/wp\/v2\/comments?post=3259"}],"version-history":[{"count":6,"href":"https:\/\/www.zsz-cech-bielawa.pl\/zszcrrimp\/wp-json\/wp\/v2\/pages\/3259\/revisions"}],"predecessor-version":[{"id":3280,"href":"https:\/\/www.zsz-cech-bielawa.pl\/zszcrrimp\/wp-json\/wp\/v2\/pages\/3259\/revisions\/3280"}],"up":[{"embeddable":true,"href":"https:\/\/www.zsz-cech-bielawa.pl\/zszcrrimp\/wp-json\/wp\/v2\/pages\/3255"}],"wp:attachment":[{"href":"https:\/\/www.zsz-cech-bielawa.pl\/zszcrrimp\/wp-json\/wp\/v2\/media?parent=3259"}],"curies":[{"name":"wp","href":"https:\/\/api.w.org\/{rel}","templated":true}]}}