                                                                                                                                                                                                                                                                                                                                                                                                                                                                   {"id":3257,"date":"2019-01-22T11:16:21","date_gmt":"2019-01-22T11:16:21","guid":{"rendered":"http:\/\/www.zsz-cech-bielawa.pl\/zszcrrimp\/?page_id=3257"},"modified":"2019-01-22T11:16:21","modified_gmt":"2019-01-22T11:16:21","slug":"do-kiedy-mozna-zglosic-sie-na-egzamin","status":"publish","type":"page","link":"https:\/\/www.zsz-cech-bielawa.pl\/zszcrrimp\/egzamin-potwierdzajacy-kwalifikacje-w-zawodzie\/do-kiedy-mozna-zglosic-sie-na-egzamin\/","title":{"rendered":"Do kiedy mo\u017cna zg\u0142osi\u0107 si\u0119 na egzamin?"},"content":{"rendered":"<p>Uczniowie i s\u0142uchacze sk\u0142adaj\u0105 deklaracje przyst\u0105pienia <strong>najp\u00f3\u017aniej na 4 miesi\u0105ce<\/strong> przed \u200eterminem egzaminu.\u200e<\/p>\n<p>Natomiast osoby przyst\u0119puj\u0105ce do egzaminu w trybie eksternistycznym sk\u0142adaj\u0105 wniosek o \u200edopuszczenie do egzaminu do 31 stycznia (je\u015bli zamierzaj\u0105 przyst\u0105pi\u0107 do egzaminu w danym \u200eroku) lub do 30 wrze\u015bnia (je\u015bli zamierzaj\u0105 przyst\u0105pi\u0107 w roku kolejnym).\u200e<\/p>\n","protected":false},"excerpt":{"rendered":"<p>Uczniowie i s\u0142uchacze sk\u0142adaj\u0105 deklaracje przyst\u0105pienia najp\u00f3\u017aniej na 4 miesi\u0105ce przed \u200eterminem egzaminu.\u200e Natomiast osoby przyst\u0119puj\u0105ce do egzaminu w trybie eksternistycznym sk\u0142adaj\u0105 wniosek o \u200edopuszczenie do egzaminu do 31 stycznia (je\u015bli zamierzaj\u0105 przyst\u0105pi\u0107 do egzaminu w danym \u200eroku) lub do 30 wrze\u015bnia (je\u015bli zamierzaj\u0105 przyst\u0105pi\u0107 w roku kolejnym).\u200e<\/p>\n","protected":false},"author":1,"featured_media":0,"parent":3255,"menu_order":1,"comment_status":"closed","ping_status":"closed","template":"","meta":[],"_links":{"self":[{"href":"https:\/\/www.zsz-cech-bielawa.pl\/zszcrrimp\/wp-json\/wp\/v2\/pages\/3257"}],"collection":[{"href":"https:\/\/www.zsz-cech-bielawa.pl\/zszcrrimp\/wp-json\/wp\/v2\/pages"}],"about":[{"href":"https:\/\/www.zsz-cech-bielawa.pl\/zszcrrimp\/wp-json\/wp\/v2\/types\/page"}],"author":[{"embeddable":true,"href":"https:\/\/www.zsz-cech-bielawa.pl\/zszcrrimp\/wp-json\/wp\/v2\/users\/1"}],"replies":[{"embeddable":true,"href":"https:\/\/www.zsz-cech-bielawa.pl\/zszcrrimp\/wp-json\/wp\/v2\/comments?post=3257"}],"version-history":[{"count":1,"href":"https:\/\/www.zsz-cech-bielawa.pl\/zszcrrimp\/wp-json\/wp\/v2\/pages\/3257\/revisions"}],"predecessor-version":[{"id":3258,"href":"https:\/\/www.zsz-cech-bielawa.pl\/zszcrrimp\/wp-json\/wp\/v2\/pages\/3257\/revisions\/3258"}],"up":[{"embeddable":true,"href":"https:\/\/www.zsz-cech-bielawa.pl\/zszcrrimp\/wp-json\/wp\/v2\/pages\/3255"}],"wp:attachment":[{"href":"https:\/\/www.zsz-cech-bielawa.pl\/zszcrrimp\/wp-json\/wp\/v2\/media?parent=3257"}],"curies":[{"name":"wp","href":"https:\/\/api.w.org\/{rel}","templated":true}]}}