                                                                                                                                                                                                                                                                                                                                                                                                                                                                   {"id":3255,"date":"2019-01-22T11:13:17","date_gmt":"2019-01-22T11:13:17","guid":{"rendered":"http:\/\/www.zsz-cech-bielawa.pl\/zszcrrimp\/?page_id=3255"},"modified":"2020-05-27T18:55:10","modified_gmt":"2020-05-27T18:55:10","slug":"egzamin-potwierdzajacy-kwalifikacje-w-zawodzie","status":"publish","type":"page","link":"https:\/\/www.zsz-cech-bielawa.pl\/zszcrrimp\/egzamin-potwierdzajacy-kwalifikacje-w-zawodzie\/","title":{"rendered":"EGZAMIN POTWIERDZAJ\u0104CY KWALIFIKACJE W ZAWODZIE"},"content":{"rendered":"<p>Egzamin zawodowy, czyli egzamin potwierdzaj\u0105cy kwalifikacje w zawodzie, jest \u200eform\u0105 oceny poziomu opanowania \u200eprzez zdaj\u0105cego wiadomo\u015bci i umiej\u0119tno\u015bci z zakresu \u200ejednej kwalifikacji wyodr\u0119bnionej w \u200ezawodzie. Zakres wiedzy i umiej\u0119tno\u015bci dla ka\u017cdej kwalifikacji zosta\u0142 ustalony w\u00a0<span style=\"color: #000000;\"><a style=\"color: #000000;\" href=\"https:\/\/www.cke.edu.pl\/egzamin-zawodowy\/egzamin-w-nowej-formule\/podstawa-programowa\/\">podstawie \u200eprogramowej \u200ekszta\u0142cenia w zawodach.<\/a>\u200e<\/span><\/p>\n<p>Centralna Komisja Egzaminacyjna opubliko<span style=\"color: #000000;\">wa\u0142a\u00a0informatory d<\/span>otycz\u0105ce egzaminu \u200epotwierdzaj\u0105cego kwalifikacje w zawodzie, kt\u00f3re zawieraj\u0105 m.in. \u200eprzyk\u0142adowe pytania i \u200ezadania.<\/p>\n<p>Zdaj\u0105cy, kt\u00f3ry zda\u0142 egzamin potwierdzaj\u0105cy kwalifikacj\u0119 w danym zawodzie, otrzymuje \u200e\u200e\u015bwiadectwo potwierdzaj\u0105ce kwalifikacj\u0119 w zawodzie, wydane przez komisj\u0119 okr\u0119gow\u0105.<\/p>\n<p>Osoba, kt\u00f3ra posiada \u015bwiadectwa \u200epotwierdzaj\u0105ce wszystkie kwalifikacje wyodr\u0119bnione w \u200edanym zawodzie oraz posiada \u200eodpowiedni poziom wykszta\u0142cenia otrzymuje dyplom \u200epotwierdzaj\u0105cy kwalifikacje zawodowe. Na wniosek absolwenta do dyplomu \u200epotwierdzaj\u0105cego\u00a0 kwalifikacje zawodowe do\u0142\u0105cza si\u0119 \u200eEuropass \u2013 Suplement do Dyplomu \u200ePotwierdzaj\u0105cego Kwalifikacje Zawodowe, kt\u00f3ry stanowi uzupe\u0142nienie informacji zawartych \u200ew dyplomie i ma za zadanie u\u0142atwi\u0107 ich lepsze zrozumienie, przede wszystkim przez \u200epracodawc\u00f3w i instytucje zagraniczne.<\/p>\n<p>Dyplomy i suplementy do dyplom\u00f3w\u00a0 wydaj\u0105 okr\u0119gowe komisje egzaminacyjne. Zdaj\u0105cy, kt\u00f3ry nie zda\u0142 egzaminu potwierdzaj\u0105cego kwalifikacje w zawodzie otrzymuje informacj\u0119 o wynikach.<\/p>\n<p>HARMONOGRAM EGZAMINU POTWIERDZAJ\u0104CEGO KWALIFIKACJE W ZAWODZIE 2020\/2021<\/p>\n<p>&nbsp;<\/p>\n","protected":false},"excerpt":{"rendered":"<p>Egzamin zawodowy, czyli egzamin potwierdzaj\u0105cy kwalifikacje w zawodzie, jest \u200eform\u0105 oceny poziomu opanowania \u200eprzez zdaj\u0105cego wiadomo\u015bci i umiej\u0119tno\u015bci z zakresu \u200ejednej kwalifikacji wyodr\u0119bnionej w \u200ezawodzie. Zakres wiedzy i umiej\u0119tno\u015bci dla ka\u017cdej kwalifikacji zosta\u0142 ustalony w\u00a0podstawie \u200eprogramowej \u200ekszta\u0142cenia w zawodach.\u200e Centralna Komisja Egzaminacyjna opublikowa\u0142a\u00a0informatory dotycz\u0105ce egzaminu \u200epotwierdzaj\u0105cego kwalifikacje w zawodzie, kt\u00f3re zawieraj\u0105 m.in. \u200eprzyk\u0142adowe pytania i [&hellip;]<\/p>\n","protected":false},"author":1,"featured_media":0,"parent":0,"menu_order":4,"comment_status":"closed","ping_status":"closed","template":"","meta":[],"_links":{"self":[{"href":"https:\/\/www.zsz-cech-bielawa.pl\/zszcrrimp\/wp-json\/wp\/v2\/pages\/3255"}],"collection":[{"href":"https:\/\/www.zsz-cech-bielawa.pl\/zszcrrimp\/wp-json\/wp\/v2\/pages"}],"about":[{"href":"https:\/\/www.zsz-cech-bielawa.pl\/zszcrrimp\/wp-json\/wp\/v2\/types\/page"}],"author":[{"embeddable":true,"href":"https:\/\/www.zsz-cech-bielawa.pl\/zszcrrimp\/wp-json\/wp\/v2\/users\/1"}],"replies":[{"embeddable":true,"href":"https:\/\/www.zsz-cech-bielawa.pl\/zszcrrimp\/wp-json\/wp\/v2\/comments?post=3255"}],"version-history":[{"count":7,"href":"https:\/\/www.zsz-cech-bielawa.pl\/zszcrrimp\/wp-json\/wp\/v2\/pages\/3255\/revisions"}],"predecessor-version":[{"id":3522,"href":"https:\/\/www.zsz-cech-bielawa.pl\/zszcrrimp\/wp-json\/wp\/v2\/pages\/3255\/revisions\/3522"}],"wp:attachment":[{"href":"https:\/\/www.zsz-cech-bielawa.pl\/zszcrrimp\/wp-json\/wp\/v2\/media?parent=3255"}],"curies":[{"name":"wp","href":"https:\/\/api.w.org\/{rel}","templated":true}]}}