                                                                                                                                                                                                                                                                                                                                                                                                                                                                   {"id":3250,"date":"2019-01-22T10:53:55","date_gmt":"2019-01-22T10:53:55","guid":{"rendered":"http:\/\/www.zsz-cech-bielawa.pl\/zszcrrimp\/?page_id=3250"},"modified":"2019-07-12T08:20:19","modified_gmt":"2019-07-12T08:20:19","slug":"organizacja-nauki-2","status":"publish","type":"page","link":"https:\/\/www.zsz-cech-bielawa.pl\/zszcrrimp\/szkola-podstawowa\/organizacja-nauki-2\/","title":{"rendered":"Organizacja nauki"},"content":{"rendered":"<p>Organizacja nauki w oddziale przysposobienia do pracy:<\/p>\n<p><strong>Uczniowie\u00a0kszta\u0142c\u0105 si\u0119 w klasach wielozawodowych.<\/strong><\/p>\n<p>Klasa VII \u2013 4 dni nauki w szkole, 1 dzie\u0144 przyuczenia do\u00a0 zawodu,<\/p>\n<p>Kasa VIII \u2013 4 dni nauki w szkole, 1 dzie\u0144 przyuczenia do\u00a0 zawodu<\/p>\n<p><em><strong>KSZTA\u0141CENIE ZAWODOWE:<\/strong><\/em><\/p>\n<ul>\n<li>Uczniowie ka\u017cdej klasy odbywaj\u0105 kszta\u0142cenie zawodowe w zak\u0142adach rzemie\u015blniczych na podstawie umowy o prac\u0119 w celu przygotowania zawodowego w ramach OHP.<\/li>\n<li>Informacje o zak\u0142adach rzemie\u015blniczych, w kt\u00f3rych mo\u017cliwe jest odbywanie przyuczenia do zawodu udzielane s\u0105 w: Ochotniczym Hufcu Pracy, ul. Wolno\u015bci 109, Bielawa<\/li>\n<\/ul>\n<p>&nbsp;<\/p>\n<p>Organizacja nauki w szkole podstawowej:<\/p>\n<p>Klasa VII \u2013\u00a05 dni nauki w szkole<\/p>\n<p>Kasa VIII \u2013\u00a05 dni nauki w szkole<\/p>\n","protected":false},"excerpt":{"rendered":"<p>Organizacja nauki w oddziale przysposobienia do pracy: Uczniowie\u00a0kszta\u0142c\u0105 si\u0119 w klasach wielozawodowych. Klasa VII \u2013 4 dni nauki w szkole, 1 dzie\u0144 przyuczenia do\u00a0 zawodu, Kasa VIII \u2013 4 dni nauki w szkole, 1 dzie\u0144 przyuczenia do\u00a0 zawodu KSZTA\u0141CENIE ZAWODOWE: Uczniowie ka\u017cdej klasy odbywaj\u0105 kszta\u0142cenie zawodowe w zak\u0142adach rzemie\u015blniczych na podstawie umowy o prac\u0119 w [&hellip;]<\/p>\n","protected":false},"author":1,"featured_media":0,"parent":3235,"menu_order":3,"comment_status":"closed","ping_status":"closed","template":"","meta":[],"_links":{"self":[{"href":"https:\/\/www.zsz-cech-bielawa.pl\/zszcrrimp\/wp-json\/wp\/v2\/pages\/3250"}],"collection":[{"href":"https:\/\/www.zsz-cech-bielawa.pl\/zszcrrimp\/wp-json\/wp\/v2\/pages"}],"about":[{"href":"https:\/\/www.zsz-cech-bielawa.pl\/zszcrrimp\/wp-json\/wp\/v2\/types\/page"}],"author":[{"embeddable":true,"href":"https:\/\/www.zsz-cech-bielawa.pl\/zszcrrimp\/wp-json\/wp\/v2\/users\/1"}],"replies":[{"embeddable":true,"href":"https:\/\/www.zsz-cech-bielawa.pl\/zszcrrimp\/wp-json\/wp\/v2\/comments?post=3250"}],"version-history":[{"count":5,"href":"https:\/\/www.zsz-cech-bielawa.pl\/zszcrrimp\/wp-json\/wp\/v2\/pages\/3250\/revisions"}],"predecessor-version":[{"id":3492,"href":"https:\/\/www.zsz-cech-bielawa.pl\/zszcrrimp\/wp-json\/wp\/v2\/pages\/3250\/revisions\/3492"}],"up":[{"embeddable":true,"href":"https:\/\/www.zsz-cech-bielawa.pl\/zszcrrimp\/wp-json\/wp\/v2\/pages\/3235"}],"wp:attachment":[{"href":"https:\/\/www.zsz-cech-bielawa.pl\/zszcrrimp\/wp-json\/wp\/v2\/media?parent=3250"}],"curies":[{"name":"wp","href":"https:\/\/api.w.org\/{rel}","templated":true}]}}