                                                                                                                                                                                                                                                                                                                                                                                                                                                                   {"id":3244,"date":"2019-01-22T10:42:37","date_gmt":"2019-01-22T10:42:37","guid":{"rendered":"http:\/\/www.zsz-cech-bielawa.pl\/zszcrrimp\/?page_id=3244"},"modified":"2019-01-22T10:43:50","modified_gmt":"2019-01-22T10:43:50","slug":"warunki-przyjecia","status":"publish","type":"page","link":"https:\/\/www.zsz-cech-bielawa.pl\/zszcrrimp\/szkola-podstawowa\/warunki-przyjecia\/","title":{"rendered":"Warunki przyj\u0119cia"},"content":{"rendered":"<p>Dyrektor szko\u0142y podstawowej za zgod\u0105 rodzic\u00f3w przyjmuje ucznia do oddzia\u0142u przysposabiaj\u0105cego do pracy, uwzgl\u0119dniaj\u0105c opini\u0119 wydan\u0105 przez lekarza oraz opini\u0119 poradni psychologiczno-pedagogicznej, w tym poradni specjalistycznej,\u00a0 z kt\u00f3rej wynika zasadno\u015b\u0107 nauki przez ucznia w oddziale przysposabiaj\u0105cym do pracy.<\/p>\n<p><!--more--><span style=\"text-decoration: underline;\"><strong>Szczeg\u00f3\u0142owe warunki przyj\u0119cia ucznia:<\/strong><\/span><\/p>\n<ol>\n<li>Uko\u0144czenie 15-tego roku \u017cycia.<\/li>\n<li><strong>Do klasy VII<\/strong> mo\u017ce by\u0107 przyj\u0119ty ucze\u0144, kt\u00f3ry otrzyma\u0142 promocj\u0119 do klasy VII lub nie otrzyma\u0142 promocji z klasy I gimnazjum w roku szkolnym 2016\/2017 do klasy II, nie otrzyma\u0142 promocji do klasy VIII<\/li>\n<li><strong>Do klasy VIII <\/strong>mo\u017ce by\u0107 przyj\u0119ty ucze\u0144, kt\u00f3ry otrzyma\u0142 promocj\u0119 do klasy VIII lub nie otrzyma\u0142 promocji do klasy III gimnazjum lub nie uko\u0144czy\u0142 klasy III gimnazjum<\/li>\n<li>Opinia poradni psychologiczno &#8211; pedagogicznej w sprawie podj\u0119cia przez kandydata nauki w szkole podstawowej z oddzia\u0142ami przysposabiaj\u0105cymi do pracy (zalecenia poradni psychologiczno \u2013 pedagogicznej: \u201ewskazane kontynuowanie nauki w szkole podstawowej z\u00a0oddzia\u0142ami przysposabiaj\u0105cymi do pracy\u201d)<\/li>\n<li>Opinia pedagoga lub wychowawcy.<\/li>\n<li>Wniosek rodzic\u00f3w (do wype\u0142nienia w sekretariacie szko\u0142y przy zg\u0142oszeniu)<\/li>\n<\/ol>\n<p>Kandydat powinien mie\u0107 na swoim koncie niepowodzenia w dotychczasowej edukacji szkolnej (niepromowanie, co najmniej jednokrotne powtarzanie klasy).<\/p>\n","protected":false},"excerpt":{"rendered":"<p>Dyrektor szko\u0142y podstawowej za zgod\u0105 rodzic\u00f3w przyjmuje ucznia do oddzia\u0142u przysposabiaj\u0105cego do pracy, uwzgl\u0119dniaj\u0105c opini\u0119 wydan\u0105 przez lekarza oraz opini\u0119 poradni psychologiczno-pedagogicznej, w tym poradni specjalistycznej,\u00a0 z kt\u00f3rej wynika zasadno\u015b\u0107 nauki przez ucznia w oddziale przysposabiaj\u0105cym do pracy.<\/p>\n","protected":false},"author":1,"featured_media":0,"parent":3235,"menu_order":2,"comment_status":"closed","ping_status":"closed","template":"","meta":[],"_links":{"self":[{"href":"https:\/\/www.zsz-cech-bielawa.pl\/zszcrrimp\/wp-json\/wp\/v2\/pages\/3244"}],"collection":[{"href":"https:\/\/www.zsz-cech-bielawa.pl\/zszcrrimp\/wp-json\/wp\/v2\/pages"}],"about":[{"href":"https:\/\/www.zsz-cech-bielawa.pl\/zszcrrimp\/wp-json\/wp\/v2\/types\/page"}],"author":[{"embeddable":true,"href":"https:\/\/www.zsz-cech-bielawa.pl\/zszcrrimp\/wp-json\/wp\/v2\/users\/1"}],"replies":[{"embeddable":true,"href":"https:\/\/www.zsz-cech-bielawa.pl\/zszcrrimp\/wp-json\/wp\/v2\/comments?post=3244"}],"version-history":[{"count":1,"href":"https:\/\/www.zsz-cech-bielawa.pl\/zszcrrimp\/wp-json\/wp\/v2\/pages\/3244\/revisions"}],"predecessor-version":[{"id":3245,"href":"https:\/\/www.zsz-cech-bielawa.pl\/zszcrrimp\/wp-json\/wp\/v2\/pages\/3244\/revisions\/3245"}],"up":[{"embeddable":true,"href":"https:\/\/www.zsz-cech-bielawa.pl\/zszcrrimp\/wp-json\/wp\/v2\/pages\/3235"}],"wp:attachment":[{"href":"https:\/\/www.zsz-cech-bielawa.pl\/zszcrrimp\/wp-json\/wp\/v2\/media?parent=3244"}],"curies":[{"name":"wp","href":"https:\/\/api.w.org\/{rel}","templated":true}]}}