                                                                                                                                                                                                                                                                                                                                                                                                                                                                   {"id":3235,"date":"2019-01-22T10:22:31","date_gmt":"2019-01-22T10:22:31","guid":{"rendered":"http:\/\/www.zsz-cech-bielawa.pl\/zszcrrimp\/?page_id=3235"},"modified":"2019-01-22T10:36:46","modified_gmt":"2019-01-22T10:36:46","slug":"szkola-podstawowa","status":"publish","type":"page","link":"https:\/\/www.zsz-cech-bielawa.pl\/zszcrrimp\/szkola-podstawowa\/","title":{"rendered":"SZKO\u0141A PODSTAWOWA"},"content":{"rendered":"<p>Oferta naszej szko\u0142y, skierowana jest do uczni\u00f3w przejawiaj\u0105cych r\u00f3\u017cnorodne trudno\u015bci w nauce, nie rokuj\u0105cych nadziei na uko\u0144czenie szko\u0142y podstawowej w normalnym trybie, takich, kt\u00f3rzy uzyskali promocj\u0119 do klasy VII lub nie uzyskali promocji do klasy VIII szko\u0142y podstawowej lub nie otrzymali promocji do klasy II gimnazjum.<\/p>\n<p><!--more--><br \/>\nNajwa\u017cniejszym naszym celem jest zorganizowanie pomocy w nauce uczniom, dostosowuj\u0105c wymagania edukacyjne do ich mo\u017cliwo\u015bci. Uczniowie rzemie\u015blniczej szko\u0142y podstawowej, zdobywaj\u0105 zaw\u00f3d w formie przysposobienia do pracy, co przyczynia si\u0119 do \u0142atwiejszego zaistnienia na rynku pracy. Absolwenci Szko\u0142y Podstawowej z Oddzia\u0142ami Przysposabiaj\u0105cymi do Pracy, maj\u0105 mo\u017cliwo\u015b\u0107 uko\u0144czenia bran\u017cowej szko\u0142y I stopnia i tym samym uzyskanie tytu\u0142u czeladnika w wybranym zawodzie. Nauka na wy\u017cszym stopniu edukacyjnym w obr\u0119bie jednej plac\u00f3wki to wielka szansa dla uczni\u00f3w i nasz niew\u0105tpliwy atut.<\/p>\n<p><!--more--><br \/>\nKolejnym naszym atutem jest to, \u017ce jeste\u015bmy szko\u0142\u0105 kameraln\u0105, co pozwala nam otoczy\u0107 ka\u017cdego ucznia indywidualn\u0105 opiek\u0105. Niewielka ilo\u015b\u0107 uczni\u00f3w w klasie pozwala nam ka\u017cdego z nich dobrze pozna\u0107 i udzieli\u0107 w\u0142a\u015bciwej pomocy i potrzebnego im wsparcia. Gwarancj\u0105 tego jest szeroko rozwini\u0119ta opieka psychologiczno &#8211; pedagogiczna oraz przyjazne nastawienie nauczycieli i innych pracownik\u00f3w szko\u0142y. Codzienn\u0105 dzia\u0142alno\u015b\u0107 edukacyjn\u0105 prowadzimy w atmosferze \u017cyczliwo\u015bci i otwarto\u015bci na potrzeby i mo\u017cliwo\u015bci uczni\u00f3w.<\/p>\n<p><!--more--><\/p>\n<p><strong> Wszystkim uczniom zapewniamy bezpiecze\u0144stwo, bo jeste\u015bmy szko\u0142\u0105 woln\u0105 od przemocy.<\/strong> <strong>Dobrze wykwalifikowana kadra nauczycielska dostosowuje wymagania edukacyjne do mo\u017cliwo\u015bci podopiecznych, stara si\u0119, by ucze\u0144 by\u0142 zawsze najwa\u017cniejszy, nie czu\u0142 si\u0119 zagubiony w g\u0105szczu ludzi, kt\u00f3rzy go nie rozumiej\u0105 i nie potrafi\u0105 mu pom\u00f3c.<\/strong><\/p>\n","protected":false},"excerpt":{"rendered":"<p>Oferta naszej szko\u0142y, skierowana jest do uczni\u00f3w przejawiaj\u0105cych r\u00f3\u017cnorodne trudno\u015bci w nauce, nie rokuj\u0105cych nadziei na uko\u0144czenie szko\u0142y podstawowej w normalnym trybie, takich, kt\u00f3rzy uzyskali promocj\u0119 do klasy VII lub nie uzyskali promocji do klasy VIII szko\u0142y podstawowej lub nie otrzymali promocji do klasy II gimnazjum.<\/p>\n","protected":false},"author":1,"featured_media":0,"parent":0,"menu_order":2,"comment_status":"closed","ping_status":"closed","template":"","meta":[],"_links":{"self":[{"href":"https:\/\/www.zsz-cech-bielawa.pl\/zszcrrimp\/wp-json\/wp\/v2\/pages\/3235"}],"collection":[{"href":"https:\/\/www.zsz-cech-bielawa.pl\/zszcrrimp\/wp-json\/wp\/v2\/pages"}],"about":[{"href":"https:\/\/www.zsz-cech-bielawa.pl\/zszcrrimp\/wp-json\/wp\/v2\/types\/page"}],"author":[{"embeddable":true,"href":"https:\/\/www.zsz-cech-bielawa.pl\/zszcrrimp\/wp-json\/wp\/v2\/users\/1"}],"replies":[{"embeddable":true,"href":"https:\/\/www.zsz-cech-bielawa.pl\/zszcrrimp\/wp-json\/wp\/v2\/comments?post=3235"}],"version-history":[{"count":3,"href":"https:\/\/www.zsz-cech-bielawa.pl\/zszcrrimp\/wp-json\/wp\/v2\/pages\/3235\/revisions"}],"predecessor-version":[{"id":3241,"href":"https:\/\/www.zsz-cech-bielawa.pl\/zszcrrimp\/wp-json\/wp\/v2\/pages\/3235\/revisions\/3241"}],"wp:attachment":[{"href":"https:\/\/www.zsz-cech-bielawa.pl\/zszcrrimp\/wp-json\/wp\/v2\/media?parent=3235"}],"curies":[{"name":"wp","href":"https:\/\/api.w.org\/{rel}","templated":true}]}}