                                                                                                                                                                                                                                                                                                                                                                                                                                                                   {"id":3223,"date":"2019-01-22T09:45:20","date_gmt":"2019-01-22T09:45:20","guid":{"rendered":"http:\/\/www.zsz-cech-bielawa.pl\/zszcrrimp\/?page_id=3223"},"modified":"2019-01-22T10:50:23","modified_gmt":"2019-01-22T10:50:23","slug":"egzamin-osmoklasisty","status":"publish","type":"page","link":"https:\/\/www.zsz-cech-bielawa.pl\/zszcrrimp\/szkola-podstawowa\/egzamin-osmoklasisty\/","title":{"rendered":"Egzamin \u00f3smoklasisty"},"content":{"rendered":"<p>Egzamin \u00f3smoklasisty jest egzaminem\u00a0obowi\u0105zkowym, co oznacza, \u017ce ka\u017cdy ucze\u0144 musi do niego przyst\u0105pi\u0107, aby uko\u0144czy\u0107 szko\u0142\u0119. Nie jest okre\u015blony minimalny wynik, jaki ucze\u0144 powinien uzyska\u0107. Jest on przeprowadzany w formie pisemnej.<\/p>\n<p><strong>W latach 2019 \u2013 2021<\/strong>\u00a0\u00f3smoklasista przyst\u0119puje do egzaminu z trzech przedmiot\u00f3w obowi\u0105zkowych, tj.:<\/p>\n<ol>\n<li>j\u0119zyka polskiego<\/li>\n<li>matematyki<\/li>\n<li>j\u0119zyka obcego nowo\u017cytnego (\u00a0Ucze\u0144 mo\u017ce wybra\u0107 tylko ten j\u0119zyk, kt\u00f3rego uczy si\u0119 w\u00a0szkole w ramach obowi\u0105zkowych zaj\u0119\u0107 edukacyjnych.)<\/li>\n<\/ol>\n<p><strong>Od roku 2022<\/strong>\u00a0\u00f3smoklasista przyst\u0119puje do egzaminu z czterech przedmiot\u00f3w obowi\u0105zkowych, tj.:<\/p>\n<ol>\n<li>j\u0119zyka polskiego<\/li>\n<li>matematyki<\/li>\n<li>j\u0119zyka obcego nowo\u017cytnego<\/li>\n<li>przedmiotu do wyboru spo\u015br\u00f3d przedmiot\u00f3w: biologia, chemia, fizyka, geografia lub historia.<\/li>\n<\/ol>\n<p><strong>Przebieg egzaminu \u00f3smoklasisty:<\/strong><\/p>\n<p>Egzamin \u00f3smoklasisty przeprowadzany jest przez trzy kolejne dni:<\/p>\n<ol>\n<li>Pierwszego dnia- j\u0119zyk polski- 120 min,<\/li>\n<li>Drugiego dnia- matematyka- 100 min,<\/li>\n<li>Trzeciego dnia- j\u0119zyk obcy nowo\u017cytny, a od 2022 roku r\u00f3wnie\u017c egzamin z przedmiotu do wyboru- 90 min.<\/li>\n<\/ol>\n<p>&nbsp;<\/p>\n<p><strong>W arkuszu egzaminacyjnym \u200ez ka\u017cdego przedmiotu znajd\u0105\u00a0 zadania:<\/strong><\/p>\n<ul>\n<li>\u200ezamkni\u0119te (ucze\u0144 wybiera jedn\u0105 odpowied\u017a z kilku podanych),<\/li>\n<li>otwarte (ucze\u0144 samodzielnie formu\u0142uje odpowied\u017a).<\/li>\n<\/ul>\n<p>&nbsp;<\/p>\n<p>W dniu zako\u0144czenia roku szkolnego\u00a0 ucze\u0144 otrzymuje za\u015bwiadczenie o szczeg\u00f3\u0142owych \u200ewynikach egzaminu \u00f3smoklasisty. Na za\u015bwiadczeniu podany b\u0119dzie wynik procentowy oraz wynik na skali \u200ecentylowej dla egzaminu z ka\u017cdego przedmiotu.<\/p>\n<p><strong>\u00a0Na egzamin ucze\u0144 przynosi d\u0142ugopis z czarnym atramentem, a na matematyk\u0119 r\u00f3wnie\u017c linijk\u0119. Niedozwolone jest korzystanie z kalkulatora, s\u0142ownika oraz telefon\u00f3w kom\u00f3rkowych.<\/strong><\/p>\n","protected":false},"excerpt":{"rendered":"<p>Egzamin \u00f3smoklasisty jest egzaminem\u00a0obowi\u0105zkowym, co oznacza, \u017ce ka\u017cdy ucze\u0144 musi do niego przyst\u0105pi\u0107, aby uko\u0144czy\u0107 szko\u0142\u0119. Nie jest okre\u015blony minimalny wynik, jaki ucze\u0144 powinien uzyska\u0107. Jest on przeprowadzany w formie pisemnej. W latach 2019 \u2013 2021\u00a0\u00f3smoklasista przyst\u0119puje do egzaminu z trzech przedmiot\u00f3w obowi\u0105zkowych, tj.: j\u0119zyka polskiego matematyki j\u0119zyka obcego nowo\u017cytnego (\u00a0Ucze\u0144 mo\u017ce wybra\u0107 tylko ten [&hellip;]<\/p>\n","protected":false},"author":1,"featured_media":0,"parent":3235,"menu_order":5,"comment_status":"closed","ping_status":"closed","template":"","meta":[],"_links":{"self":[{"href":"https:\/\/www.zsz-cech-bielawa.pl\/zszcrrimp\/wp-json\/wp\/v2\/pages\/3223"}],"collection":[{"href":"https:\/\/www.zsz-cech-bielawa.pl\/zszcrrimp\/wp-json\/wp\/v2\/pages"}],"about":[{"href":"https:\/\/www.zsz-cech-bielawa.pl\/zszcrrimp\/wp-json\/wp\/v2\/types\/page"}],"author":[{"embeddable":true,"href":"https:\/\/www.zsz-cech-bielawa.pl\/zszcrrimp\/wp-json\/wp\/v2\/users\/1"}],"replies":[{"embeddable":true,"href":"https:\/\/www.zsz-cech-bielawa.pl\/zszcrrimp\/wp-json\/wp\/v2\/comments?post=3223"}],"version-history":[{"count":2,"href":"https:\/\/www.zsz-cech-bielawa.pl\/zszcrrimp\/wp-json\/wp\/v2\/pages\/3223\/revisions"}],"predecessor-version":[{"id":3226,"href":"https:\/\/www.zsz-cech-bielawa.pl\/zszcrrimp\/wp-json\/wp\/v2\/pages\/3223\/revisions\/3226"}],"up":[{"embeddable":true,"href":"https:\/\/www.zsz-cech-bielawa.pl\/zszcrrimp\/wp-json\/wp\/v2\/pages\/3235"}],"wp:attachment":[{"href":"https:\/\/www.zsz-cech-bielawa.pl\/zszcrrimp\/wp-json\/wp\/v2\/media?parent=3223"}],"curies":[{"name":"wp","href":"https:\/\/api.w.org\/{rel}","templated":true}]}}