                                                                                                                                                                                                                                                                                                                                                                                                                                                                   {"id":218,"date":"2015-03-30T19:12:31","date_gmt":"2015-03-30T19:12:31","guid":{"rendered":"http:\/\/www.zsz-cech-bielawa.pl\/zszcrrimp\/?page_id=218"},"modified":"2024-11-14T06:38:42","modified_gmt":"2024-11-14T06:38:42","slug":"samorzad-uczniowski","status":"publish","type":"page","link":"https:\/\/www.zsz-cech-bielawa.pl\/zszcrrimp\/zajecia\/samorzad-uczniowski\/","title":{"rendered":"Samorz\u0105d uczniowski"},"content":{"rendered":"<h3 style=\"text-align: center;\">\u00a0SAMORZ\u0104D UCZNIOWSKI<\/h3>\n<h3 style=\"text-align: center;\">W ROKU SZKOLNYM 2024\/25<\/h3>\n<p style=\"padding-left: 60px;\"><em><strong><span style=\"color: #3366ff;\">Przewodnicz\u0105ca samorz\u0105du:<\/span>\u00a0\u00a0<\/strong><\/em><\/p>\n<p style=\"padding-left: 60px;\"><em><strong><span style=\"color: #3366ff;\">Zast\u0119pca przewodnicz\u0105cego ds. szko\u0142y bran\u017cowej:<\/span>\u00a0 \u00a0<\/strong><\/em><\/p>\n<p style=\"padding-left: 60px;\"><strong><em><span style=\"color: #3366ff;\">Cz\u0142onkowie samorz\u0105du:<\/span>\u00a0<\/em><\/strong><em><strong>\u00a0 \u00a0 \u00a0 \u00a0 \u00a0 \u00a0 \u00a0 \u00a0 \u00a0 \u00a0 \u00a0 \u00a0 \u00a0 \u00a0 \u00a0 \u00a0 \u00a0 \u00a0 \u00a0 \u00a0 \u00a0 \u00a0 \u00a0 \u00a0 \u00a0<\/strong><\/em><\/p>\n<h3><span style=\"color: #ff0000;\">\u00a0<span style=\"color: #008000;\"><strong>Opiekun Samorz\u0105du Uczniowskiego &#8211; Marta Cetnarowska<\/strong><\/span><\/span><\/h3>\n","protected":false},"excerpt":{"rendered":"<p>\u00a0SAMORZ\u0104D UCZNIOWSKI W ROKU SZKOLNYM 2024\/25 Przewodnicz\u0105ca samorz\u0105du:\u00a0\u00a0 Zast\u0119pca przewodnicz\u0105cego ds. szko\u0142y bran\u017cowej:\u00a0 \u00a0 Cz\u0142onkowie samorz\u0105du:\u00a0\u00a0 \u00a0 \u00a0 \u00a0 \u00a0 \u00a0 \u00a0 \u00a0 \u00a0 \u00a0 \u00a0 \u00a0 \u00a0 \u00a0 \u00a0 \u00a0 \u00a0 \u00a0 \u00a0 \u00a0 \u00a0 \u00a0 \u00a0 \u00a0 \u00a0 \u00a0Opiekun Samorz\u0105du Uczniowskiego &#8211; Marta Cetnarowska<\/p>\n","protected":false},"author":1,"featured_media":0,"parent":210,"menu_order":0,"comment_status":"closed","ping_status":"closed","template":"","meta":[],"_links":{"self":[{"href":"https:\/\/www.zsz-cech-bielawa.pl\/zszcrrimp\/wp-json\/wp\/v2\/pages\/218"}],"collection":[{"href":"https:\/\/www.zsz-cech-bielawa.pl\/zszcrrimp\/wp-json\/wp\/v2\/pages"}],"about":[{"href":"https:\/\/www.zsz-cech-bielawa.pl\/zszcrrimp\/wp-json\/wp\/v2\/types\/page"}],"author":[{"embeddable":true,"href":"https:\/\/www.zsz-cech-bielawa.pl\/zszcrrimp\/wp-json\/wp\/v2\/users\/1"}],"replies":[{"embeddable":true,"href":"https:\/\/www.zsz-cech-bielawa.pl\/zszcrrimp\/wp-json\/wp\/v2\/comments?post=218"}],"version-history":[{"count":24,"href":"https:\/\/www.zsz-cech-bielawa.pl\/zszcrrimp\/wp-json\/wp\/v2\/pages\/218\/revisions"}],"predecessor-version":[{"id":4185,"href":"https:\/\/www.zsz-cech-bielawa.pl\/zszcrrimp\/wp-json\/wp\/v2\/pages\/218\/revisions\/4185"}],"up":[{"embeddable":true,"href":"https:\/\/www.zsz-cech-bielawa.pl\/zszcrrimp\/wp-json\/wp\/v2\/pages\/210"}],"wp:attachment":[{"href":"https:\/\/www.zsz-cech-bielawa.pl\/zszcrrimp\/wp-json\/wp\/v2\/media?parent=218"}],"curies":[{"name":"wp","href":"https:\/\/api.w.org\/{rel}","templated":true}]}}