                                                                                                                                                                                                                                                                                                                                                                                                                                                                   {"id":2160,"date":"2017-11-22T09:42:00","date_gmt":"2017-11-22T09:42:00","guid":{"rendered":"http:\/\/www.zsz-cech-bielawa.pl\/zszcrrimp\/?page_id=2160"},"modified":"2017-11-22T11:41:40","modified_gmt":"2017-11-22T11:41:40","slug":"cele-i-zadania","status":"publish","type":"page","link":"https:\/\/www.zsz-cech-bielawa.pl\/zszcrrimp\/cele-i-zadania\/","title":{"rendered":"Cele i zadania"},"content":{"rendered":"<p>Do zada\u0144 O\u015brodka nale\u017cy:<\/p>\n<p>1. dokszta\u0142canie m\u0142odocianych pracownik\u00f3w zatrudnionych w celu nauki zawodu i ucz\u0119szczaj\u0105cych do oddzia\u0142\u00f3w wielozawodowych w zasadniczych szko\u0142ach zawodowych oraz bran\u017cowych szko\u0142ach I stopnia &#8211; w zakresie teoretycznych przedmiot\u00f3w zawodowych,<\/p>\n<p>2. dokszta\u0142canie m\u0142odocianych zatrudnionych u pracodawc\u00f3w w celu nauki zawodu i nieucz\u0119szczaj\u0105cych do oddzia\u0142\u00f3w wielozawodowych w zasadniczych szko\u0142ach zawodowych oraz bran\u017cowych szko\u0142ach I stopnia &#8211; w zakresie teoretycznej nauki zawodu w celu przygotowania do egzminu czeladniczego.<\/p>\n","protected":false},"excerpt":{"rendered":"<p>Do zada\u0144 O\u015brodka nale\u017cy: 1. dokszta\u0142canie m\u0142odocianych pracownik\u00f3w zatrudnionych w celu nauki zawodu i ucz\u0119szczaj\u0105cych do oddzia\u0142\u00f3w wielozawodowych w zasadniczych szko\u0142ach zawodowych oraz bran\u017cowych szko\u0142ach I stopnia &#8211; w zakresie teoretycznych przedmiot\u00f3w zawodowych, 2. dokszta\u0142canie m\u0142odocianych zatrudnionych u pracodawc\u00f3w w celu nauki zawodu i nieucz\u0119szczaj\u0105cych do oddzia\u0142\u00f3w wielozawodowych w zasadniczych szko\u0142ach zawodowych oraz bran\u017cowych szko\u0142ach [&hellip;]<\/p>\n","protected":false},"author":1,"featured_media":0,"parent":0,"menu_order":0,"comment_status":"closed","ping_status":"closed","template":"","meta":[],"_links":{"self":[{"href":"https:\/\/www.zsz-cech-bielawa.pl\/zszcrrimp\/wp-json\/wp\/v2\/pages\/2160"}],"collection":[{"href":"https:\/\/www.zsz-cech-bielawa.pl\/zszcrrimp\/wp-json\/wp\/v2\/pages"}],"about":[{"href":"https:\/\/www.zsz-cech-bielawa.pl\/zszcrrimp\/wp-json\/wp\/v2\/types\/page"}],"author":[{"embeddable":true,"href":"https:\/\/www.zsz-cech-bielawa.pl\/zszcrrimp\/wp-json\/wp\/v2\/users\/1"}],"replies":[{"embeddable":true,"href":"https:\/\/www.zsz-cech-bielawa.pl\/zszcrrimp\/wp-json\/wp\/v2\/comments?post=2160"}],"version-history":[{"count":3,"href":"https:\/\/www.zsz-cech-bielawa.pl\/zszcrrimp\/wp-json\/wp\/v2\/pages\/2160\/revisions"}],"predecessor-version":[{"id":2191,"href":"https:\/\/www.zsz-cech-bielawa.pl\/zszcrrimp\/wp-json\/wp\/v2\/pages\/2160\/revisions\/2191"}],"wp:attachment":[{"href":"https:\/\/www.zsz-cech-bielawa.pl\/zszcrrimp\/wp-json\/wp\/v2\/media?parent=2160"}],"curies":[{"name":"wp","href":"https:\/\/api.w.org\/{rel}","templated":true}]}}