                                                                                                                                                                                                                                                                                                                                                                                                                                                                   {"id":1270,"date":"2016-11-17T11:20:36","date_gmt":"2016-11-17T11:20:36","guid":{"rendered":"http:\/\/www.zsz-cech-bielawa.pl\/zszcrrimp\/?page_id=1270"},"modified":"2021-02-08T11:18:38","modified_gmt":"2021-02-08T11:18:38","slug":"terminarz-kursow","status":"publish","type":"page","link":"https:\/\/www.zsz-cech-bielawa.pl\/zszcrrimp\/zajecia\/terminarz-kursow\/","title":{"rendered":"Terminarz kurs\u00f3w"},"content":{"rendered":"<h3 style=\"text-align: center;\"><span style=\"color: #000080;\"><strong>TERMINY KURS\u00d3W DLA KLASY III<\/strong><\/span><\/h3>\n<table style=\"height: 742px;\" width=\"659\">\n<tbody>\n<tr>\n<td width=\"236\"><strong>ZAW\u00d3D<\/strong><\/td>\n<td width=\"263\"><strong>TERMIN KURSU<\/strong><\/td>\n<td width=\"246\"><strong>MIEJSCE<\/strong><\/td>\n<td width=\"198\"><strong>ILO\u015a\u0106 UCZNI\u00d3W<\/strong><\/td>\n<\/tr>\n<tr>\n<td width=\"236\"><strong><em>MECHANIK POJAZD\u00d3W SAMOCHODOWYCH<\/em><\/strong><\/td>\n<td width=\"263\">KWIECIE\u0143 2021<\/td>\n<td width=\"246\"><strong>DZIER\u017bONI\u00d3W<\/strong><\/td>\n<td width=\"198\"><strong>\u00a02<\/strong><\/td>\n<\/tr>\n<tr>\n<td width=\"236\"><b><i>ELEKTRYK<\/i><\/b><\/td>\n<td width=\"263\">\u00a028.09.2020 &#8211; 23.10.2020<\/td>\n<td width=\"246\"><strong>\u015aWIDNICA<\/strong><\/td>\n<td width=\"198\"><strong>\u00a05<\/strong><\/td>\n<\/tr>\n<tr>\n<td width=\"236\"><strong><em>FRYZJER<\/em><\/strong><\/td>\n<td width=\"263\">09.11.2021 &#8211; 07.12.2021<\/td>\n<td width=\"246\"><strong>DZIER\u017bONI\u00d3W<\/strong><\/td>\n<td width=\"198\"><strong>\u00a02<\/strong><\/td>\n<\/tr>\n<tr>\n<td width=\"236\"><strong><em>STOLARZ<\/em><\/strong><\/td>\n<td width=\"263\">\u00a015.02.2021 &#8211; 12.03.2021<\/td>\n<td width=\"246\"><strong>\u015aWIDNICA<\/strong><\/td>\n<td width=\"198\"><strong>\u00a01<\/strong><\/td>\n<\/tr>\n<tr>\n<td width=\"236\"><strong><em>LAKIERNIK<\/em><\/strong><\/td>\n<td width=\"263\">\u00a015.02.2021 &#8211; 12.03.2021<\/td>\n<td width=\"246\"><strong>\u015aWIDNICA<\/strong><\/td>\n<td width=\"198\"><strong>\u00a01<\/strong><\/td>\n<\/tr>\n<tr>\n<td width=\"236\"><strong><i>MONTER SIECI I INSTALACJI SANITARNYCH<\/i><\/strong><\/td>\n<td width=\"263\">\u00a028.09.2020 &#8211; 23.10.2020<\/td>\n<td width=\"246\"><strong>\u00a0\u015aWIDNICA<\/strong><\/td>\n<td width=\"198\"><strong>\u00a02<\/strong><\/td>\n<\/tr>\n<tr>\n<td width=\"236\"><strong>SPRZEDAWCA<\/strong><\/td>\n<td width=\"263\">\u00a0 18.01-12.02.2021<\/td>\n<td width=\"246\"><strong>\u015aWIDNICA<\/strong><\/td>\n<td width=\"198\"><strong>\u00a03<\/strong><\/td>\n<\/tr>\n<tr>\n<td width=\"236\"><b><i>KUCHARZ<\/i><\/b><\/td>\n<td width=\"263\">\u00a026.10.2020 &#8211; 20.11.2020 <span style=\"color: #ff0000;\">BEZ 11.11.2020<\/span><\/td>\n<td width=\"246\"><strong>\u015aWIDNICA<\/strong><\/td>\n<td width=\"198\"><strong>\u00a01<\/strong><\/td>\n<\/tr>\n<tr>\n<td width=\"236\"><b><i>MURARZ &#8211; TYNKARZ<\/i><\/b><\/td>\n<td width=\"263\">\u00a0 18.01-12.02.2021<span style=\"color: #ff0000;\">\u00a0<\/span><\/td>\n<td width=\"246\"><strong>\u00a0\u015aWIDNICA<\/strong><\/td>\n<td width=\"198\"><strong>\u00a01<\/strong><\/td>\n<\/tr>\n<tr>\n<td width=\"236\"><strong>MONTER ZABUDOWY I ROB\u00d3T WYKO\u0143CZENIOWYCH W BUDOWNICTWIE<\/strong><\/td>\n<td width=\"263\">\u00a028.09.2020 &#8211; 25.10.2020<\/td>\n<td width=\"246\"><b>ZIELONA G\u00d3RA<\/b><\/td>\n<td width=\"198\">\u00a05<\/td>\n<\/tr>\n<tr>\n<td colspan=\"2\" width=\"499\"><strong>\u00a0\u015aLUSARZ\u00a0 \u00a0 \u00a0 \u00a0 \u00a0 \u00a0 \u00a0 \u00a0 \u00a0 \u00a0 \u00a0 \u00a0 \u00a0 \u00a0 \u00a0 \u00a0 \u00a0 \u00a026.10.2020 &#8211; 20.11.2020<\/strong><span style=\"color: #ff0000;\">\u00a0 \u00a0 \u00a0 \u00a0 \u00a0 \u00a0 \u00a0 \u00a0 \u00a0 \u00a0 \u00a0 \u00a0 \u00a0 \u00a0 \u00a0 \u00a0 \u00a0 \u00a0 \u00a0 \u00a0 \u00a0 \u00a0 \u00a0 \u00a0 \u00a0 \u00a0 \u00a0 \u00a0 \u00a0 BEZ 11.11.2020<\/span><\/td>\n<td width=\"246\">\u00a0<strong>\u015aWIDNICA<\/strong><\/td>\n<td width=\"198\">\u00a01<\/td>\n<\/tr>\n<\/tbody>\n<\/table>\n<h3 style=\"text-align: center;\"><\/h3>\n<h3 style=\"text-align: center;\"><span style=\"color: #000080;\"><strong>TERMINY KURS\u00d3W DLA KLASY II<\/strong><\/span><\/h3>\n<table style=\"height: 479px;\" width=\"723\">\n<tbody>\n<tr>\n<td width=\"236\"><strong>ZAW\u00d3D<\/strong><\/td>\n<td width=\"244\"><strong>TERMIN KURSU<\/strong><\/td>\n<td width=\"227\"><strong>MIEJSCE<\/strong><\/td>\n<td width=\"236\"><strong>ILO\u015a\u0106 UCZNI\u00d3W<\/strong><\/td>\n<\/tr>\n<tr>\n<td width=\"236\"><b><i>ELEKTRYK<\/i><\/b><\/td>\n<td width=\"244\">18.01-12.02.2021<span style=\"color: #ff0000;\">\u00a0<\/span><\/td>\n<td width=\"227\"><strong>\u015aWIDNICA<\/strong><\/td>\n<td width=\"236\">\u00a02<\/td>\n<\/tr>\n<tr>\n<td width=\"236\"><strong>STOLARZ<\/strong><\/td>\n<td width=\"244\">\u00a028.09.2020 &#8211; 23.10.2020<\/td>\n<td width=\"227\"><strong>\u015aWIDNICA<\/strong><\/td>\n<td width=\"236\">\u00a04<\/td>\n<\/tr>\n<tr>\n<td width=\"236\"><strong><em>MECHANIK POJAZD\u00d3W SAMOCHODOWYCH<\/em><\/strong><\/td>\n<td width=\"244\">\u00a0absolwenci szko\u0142y podstawowej05.10.2020 &#8211; 30.10.2020absolwenci gimnazjum 01.02.2021 \u2013 26.02.2021<\/td>\n<td width=\"227\"><strong>DZIER\u017bONI\u00d3W<\/strong><\/td>\n<td width=\"236\">\u00a011<\/td>\n<\/tr>\n<tr>\n<td width=\"236\"><strong><em>\u00a0MURARZ-TYNKARZ<\/em><\/strong><\/td>\n<td width=\"244\">\u00a026.10.2020 &#8211; 20.11.2020<span style=\"color: #ff0000;\"> BEZ 11.11.2020\u00a0<\/span><\/td>\n<td width=\"227\"><strong>\u015aWIDNICA<\/strong><\/td>\n<td width=\"236\">\u00a02<\/td>\n<\/tr>\n<tr>\n<td width=\"236\"><strong>MONTER ZABUDOWY I ROB\u00d3T WYKO\u0143CZENIOWYCH W BUDOWNICTWIE<\/strong><\/td>\n<td width=\"244\">\u00a023.11.2020 &#8211; 20.12.2020<\/td>\n<td width=\"227\"><b>ZIELONA G\u00d3RA<\/b><\/td>\n<td width=\"236\">\u00a01<\/td>\n<\/tr>\n<tr>\n<td width=\"236\"><strong><em>\u00a0SPRZEDAWCA<\/em><\/strong><\/td>\n<td width=\"244\">\u00a015.03.2021 &#8211; 16.04.2021<span style=\"color: #ff0000;\">(FERIE \u015aWI\u0104TECZNE 01.04-06.04.2021)<\/span><\/td>\n<td width=\"227\"><strong>\u00a0<\/strong><strong>\u015aWIDNICA<\/strong><\/td>\n<td width=\"236\"><strong>\u00a010<\/strong><\/td>\n<\/tr>\n<tr>\n<td width=\"236\"><strong><em>FRYZJER<\/em><\/strong><\/td>\n<td width=\"244\">\u00a0absolwenci szko\u0142y podstawowej05.10.2020 &#8211; 30.10.2020absolwenci gimnazjum 01.02.2021 \u2013 26.02.2021<\/td>\n<td width=\"227\">\u00a0<strong>DZIER\u017bONI\u00d3W<\/strong><\/td>\n<td width=\"236\">\u00a010<\/td>\n<\/tr>\n<tr>\n<td width=\"236\">\u00a0<strong>KUCHARZ<\/strong><\/td>\n<td width=\"244\">\u00a028.09.2020 &#8211; 23.10.2020<\/td>\n<td width=\"227\"><strong>\u015aWIDNICA<\/strong><\/td>\n<td width=\"236\"><strong>\u00a05<\/strong><\/td>\n<\/tr>\n<tr>\n<td width=\"236\"><b><i>BLACHARZ SAMOCHODOWY<\/i><\/b><\/td>\n<td width=\"244\">18.01-12.02.2021<\/td>\n<td width=\"227\"><strong>\u015aWIDNICA<\/strong><\/td>\n<td width=\"236\">\u00a01<\/td>\n<\/tr>\n<tr>\n<td width=\"236\"><b><i>PIEKARZ<\/i><\/b><\/td>\n<td width=\"244\">\u00a015.03.2021 &#8211; 16.04.2021<span style=\"color: #ff0000;\">(FERIE \u015aWI\u0104TECZNE 01.04-06.04.2021)<\/span><\/td>\n<td width=\"227\"><strong>\u015aWIDNICA<\/strong><\/td>\n<td width=\"236\">\u00a04<\/td>\n<\/tr>\n<tr>\n<td width=\"236\"><b>PRACOWNIK OBS\u0141UGI HOTELOWEJ<\/b><\/td>\n<td width=\"244\">\u00a016.11.2020 &#8211; 11.12.2020<\/td>\n<td width=\"227\"><b>K\u0141ODZKO<\/b><\/td>\n<td width=\"236\">\u00a09<\/td>\n<\/tr>\n<tr>\n<td colspan=\"2\" width=\"480\"><\/td>\n<td width=\"227\">\u00a0RAZEM<\/td>\n<td width=\"236\"><strong>\u00a063<\/strong><\/td>\n<\/tr>\n<\/tbody>\n<\/table>\n<p><strong>\u00a0<\/strong><\/p>\n<h3 style=\"text-align: center;\"><span style=\"color: #000080;\"><strong>TERMINY KURS\u00d3W DLA KLASY I<\/strong><\/span><\/h3>\n<table style=\"height: 312px;\" width=\"754\">\n<tbody>\n<tr>\n<td width=\"236\"><strong>ZAW\u00d3D<\/strong><\/td>\n<td width=\"236\"><strong>TERMIN KURSU<\/strong><\/td>\n<td width=\"236\"><strong>MIEJSCE<\/strong><\/td>\n<td width=\"236\"><strong>ILO\u015a\u0106 UCZNI\u00d3W<\/strong><\/td>\n<\/tr>\n<tr>\n<td width=\"236\"><strong><em>MECHANIK POJAZD\u00d3W SAMOCHODOWYCH<\/em><\/strong><\/td>\n<td width=\"236\">\u00a001.03.2021 &#8211; 26.03.2021<\/td>\n<td width=\"236\"><strong>DZIER\u017bONI\u00d3W<\/strong><\/td>\n<td width=\"236\">\u00a013<\/td>\n<\/tr>\n<tr>\n<td width=\"236\"><strong><em>KUCHARZ<\/em><\/strong><\/td>\n<td width=\"236\">\u00a019.04.2021 &#8211; 14.05.2021 (bez: 01.05.2021)<\/td>\n<td width=\"236\"><strong>\u015aWIDNICA<\/strong><\/td>\n<td width=\"236\">\u00a03<\/td>\n<\/tr>\n<tr>\n<td width=\"236\"><strong><em>FRYZJER<\/em><\/strong><\/td>\n<td width=\"236\">\u00a001.03.2021 &#8211; 26.03.2021<\/td>\n<td width=\"236\"><strong>DZIER\u017bONI\u00d3W<\/strong><\/td>\n<td width=\"236\">\u00a06<\/td>\n<\/tr>\n<tr>\n<td width=\"236\"><strong><em>SPRZEDAWCA<\/em><\/strong><\/td>\n<td width=\"236\">\u00a015.02.2021 &#8211; 12.03.2021<\/td>\n<td width=\"236\"><strong>\u015aWIDNICA<\/strong><\/td>\n<td width=\"236\">\u00a03<\/td>\n<\/tr>\n<tr>\n<td width=\"236\"><strong>MONTER SIECI I INSTALACJI SANITARNYCH<\/strong><\/td>\n<td width=\"236\">\u00a015.03.2021 &#8211; 16.04.2021ferie \u015bwi\u0105teczne: 01.04.-06.04.2021)<\/td>\n<td width=\"236\"><strong>\u015aWIDNICA<\/strong><\/td>\n<td width=\"236\">\u00a02<\/td>\n<\/tr>\n<tr>\n<td width=\"236\"><strong>PIEKARZ\u00a0<\/strong><\/td>\n<td width=\"236\">\u00a017.05.2021 &#8211; 11.06.2021bez: (03.06. i 04.06.2021)<\/td>\n<td width=\"236\"><strong>\u015aWIDNICA<\/strong><\/td>\n<td width=\"236\">\u00a01<\/td>\n<\/tr>\n<tr>\n<td width=\"236\"><b>CUKIERNIK<\/b><\/td>\n<td width=\"236\">\u00a018.01.2021 &#8211; 12.02.2021<\/td>\n<td width=\"236\"><strong>\u015aWIDNICA<\/strong><\/td>\n<td width=\"236\">\u00a01<\/td>\n<\/tr>\n<tr>\n<td width=\"236\"><strong>PRACOWNIK OBS\u0141UGI HOTELOWEJ<\/strong><\/td>\n<td width=\"236\">\u00a029.03.2021 &#8211; 30.04.2021<\/td>\n<td width=\"236\"><strong>K\u0141ODZKO<\/strong><\/td>\n<td width=\"236\">\u00a05<\/td>\n<\/tr>\n<tr>\n<td width=\"236\"><strong>STOLARZ<\/strong><\/td>\n<td width=\"236\">\u00a015.03.2021 &#8211; 16.04.2021ferie \u015bwi\u0105teczne: 01.04.-06.04.2021)<\/td>\n<td width=\"236\"><strong>\u015aWIDNICA<\/strong><\/td>\n<td width=\"236\">\u00a01<\/td>\n<\/tr>\n<tr>\n<td colspan=\"2\" width=\"471\"><\/td>\n<td width=\"236\"><\/td>\n<td width=\"236\">\u00a035<\/td>\n<\/tr>\n<\/tbody>\n<\/table>\n","protected":false},"excerpt":{"rendered":"<p>TERMINY KURS\u00d3W DLA KLASY III ZAW\u00d3D TERMIN KURSU MIEJSCE ILO\u015a\u0106 UCZNI\u00d3W MECHANIK POJAZD\u00d3W SAMOCHODOWYCH KWIECIE\u0143 2021 DZIER\u017bONI\u00d3W \u00a02 ELEKTRYK \u00a028.09.2020 &#8211; 23.10.2020 \u015aWIDNICA \u00a05 FRYZJER 09.11.2021 &#8211; 07.12.2021 DZIER\u017bONI\u00d3W \u00a02 STOLARZ \u00a015.02.2021 &#8211; 12.03.2021 \u015aWIDNICA \u00a01 LAKIERNIK \u00a015.02.2021 &#8211; 12.03.2021 \u015aWIDNICA \u00a01 MONTER SIECI I INSTALACJI SANITARNYCH \u00a028.09.2020 &#8211; 23.10.2020 \u00a0\u015aWIDNICA \u00a02 SPRZEDAWCA \u00a0 18.01-12.02.2021 [&hellip;]<\/p>\n","protected":false},"author":1,"featured_media":0,"parent":210,"menu_order":2,"comment_status":"closed","ping_status":"closed","template":"","meta":[],"_links":{"self":[{"href":"https:\/\/www.zsz-cech-bielawa.pl\/zszcrrimp\/wp-json\/wp\/v2\/pages\/1270"}],"collection":[{"href":"https:\/\/www.zsz-cech-bielawa.pl\/zszcrrimp\/wp-json\/wp\/v2\/pages"}],"about":[{"href":"https:\/\/www.zsz-cech-bielawa.pl\/zszcrrimp\/wp-json\/wp\/v2\/types\/page"}],"author":[{"embeddable":true,"href":"https:\/\/www.zsz-cech-bielawa.pl\/zszcrrimp\/wp-json\/wp\/v2\/users\/1"}],"replies":[{"embeddable":true,"href":"https:\/\/www.zsz-cech-bielawa.pl\/zszcrrimp\/wp-json\/wp\/v2\/comments?post=1270"}],"version-history":[{"count":33,"href":"https:\/\/www.zsz-cech-bielawa.pl\/zszcrrimp\/wp-json\/wp\/v2\/pages\/1270\/revisions"}],"predecessor-version":[{"id":4147,"href":"https:\/\/www.zsz-cech-bielawa.pl\/zszcrrimp\/wp-json\/wp\/v2\/pages\/1270\/revisions\/4147"}],"up":[{"embeddable":true,"href":"https:\/\/www.zsz-cech-bielawa.pl\/zszcrrimp\/wp-json\/wp\/v2\/pages\/210"}],"wp:attachment":[{"href":"https:\/\/www.zsz-cech-bielawa.pl\/zszcrrimp\/wp-json\/wp\/v2\/media?parent=1270"}],"curies":[{"name":"wp","href":"https:\/\/api.w.org\/{rel}","templated":true}]}}