                                                                                                                                                                                                                                                                                                                                                                                                                                                                   {"id":1184,"date":"2016-10-11T07:43:34","date_gmt":"2016-10-11T07:43:34","guid":{"rendered":"http:\/\/www.zsz-cech-bielawa.pl\/zszcrrimp\/?page_id=1184"},"modified":"2017-11-22T12:10:24","modified_gmt":"2017-11-22T12:10:24","slug":"statut-zsz-crrimp-w-bielawie","status":"publish","type":"page","link":"https:\/\/www.zsz-cech-bielawa.pl\/zszcrrimp\/wazne-dokumenty\/statut-zsz-crrimp-w-bielawie\/","title":{"rendered":"Statuty"},"content":{"rendered":"<p><a href=\"http:\/\/www.zsz-cech-bielawa.pl\/zszcrrimp\/wp-content\/uploads\/2017\/11\/statut-Zespo\u0142u-Szkol-po-zmianach-2017.doc\">Statut Zespo\u0142u Szk\u00f3\u0142 Cechu Rzemios\u0142 R\u00f3\u017cnych w Bielawie &#8230; do pobrania tutaj<\/a><\/p>\n<p><a href=\"http:\/\/www.zsz-cech-bielawa.pl\/zszcrrimp\/wp-content\/uploads\/2017\/11\/statut_branzowej_szkoly_i_st_1.09.2017-po-poprawkach.doc\">Statut Bran\u017cowej Szko\u0142y I Stopnia CRRiMP w Bielawie\u00a0\u00a0&#8230; do pobrania tutaj<\/a><\/p>\n<p><a href=\"http:\/\/www.zsz-cech-bielawa.pl\/zszcrrimp\/wp-content\/uploads\/2017\/11\/statut-szko\u0142y-podstawowej-ostateczny.doc\">Statut Szko\u0142y Podstawowej z Oddzia\u0142ami Przysposabiaj\u0105cymi do Pracy CRRiMP w Bielawie\u00a0\u00a0&#8230; do pobrania tutaj<\/a><\/p>\n","protected":false},"excerpt":{"rendered":"<p>Statut Zespo\u0142u Szk\u00f3\u0142 Cechu Rzemios\u0142 R\u00f3\u017cnych w Bielawie &#8230; do pobrania tutaj Statut Bran\u017cowej Szko\u0142y I Stopnia CRRiMP w Bielawie\u00a0\u00a0&#8230; do pobrania tutaj Statut Szko\u0142y Podstawowej z Oddzia\u0142ami Przysposabiaj\u0105cymi do Pracy CRRiMP w Bielawie\u00a0\u00a0&#8230; do pobrania tutaj<\/p>\n","protected":false},"author":1,"featured_media":0,"parent":1182,"menu_order":1,"comment_status":"closed","ping_status":"closed","template":"","meta":[],"_links":{"self":[{"href":"https:\/\/www.zsz-cech-bielawa.pl\/zszcrrimp\/wp-json\/wp\/v2\/pages\/1184"}],"collection":[{"href":"https:\/\/www.zsz-cech-bielawa.pl\/zszcrrimp\/wp-json\/wp\/v2\/pages"}],"about":[{"href":"https:\/\/www.zsz-cech-bielawa.pl\/zszcrrimp\/wp-json\/wp\/v2\/types\/page"}],"author":[{"embeddable":true,"href":"https:\/\/www.zsz-cech-bielawa.pl\/zszcrrimp\/wp-json\/wp\/v2\/users\/1"}],"replies":[{"embeddable":true,"href":"https:\/\/www.zsz-cech-bielawa.pl\/zszcrrimp\/wp-json\/wp\/v2\/comments?post=1184"}],"version-history":[{"count":10,"href":"https:\/\/www.zsz-cech-bielawa.pl\/zszcrrimp\/wp-json\/wp\/v2\/pages\/1184\/revisions"}],"predecessor-version":[{"id":2203,"href":"https:\/\/www.zsz-cech-bielawa.pl\/zszcrrimp\/wp-json\/wp\/v2\/pages\/1184\/revisions\/2203"}],"up":[{"embeddable":true,"href":"https:\/\/www.zsz-cech-bielawa.pl\/zszcrrimp\/wp-json\/wp\/v2\/pages\/1182"}],"wp:attachment":[{"href":"https:\/\/www.zsz-cech-bielawa.pl\/zszcrrimp\/wp-json\/wp\/v2\/media?parent=1184"}],"curies":[{"name":"wp","href":"https:\/\/api.w.org\/{rel}","templated":true}]}}