                                                                                                                                                                                                                                                                                                                                                                                                                                                                   {"id":1169,"date":"2016-10-06T07:31:36","date_gmt":"2016-10-06T07:31:36","guid":{"rendered":"http:\/\/www.zsz-cech-bielawa.pl\/zszcrrimp\/?page_id=1169"},"modified":"2016-10-06T07:33:06","modified_gmt":"2016-10-06T07:33:06","slug":"nagroda-prymus-szkoly","status":"publish","type":"page","link":"https:\/\/www.zsz-cech-bielawa.pl\/zszcrrimp\/zajecia\/nagroda-prymus-szkoly\/","title":{"rendered":"Nagroda &#8220;Prymus szko\u0142y&#8221;"},"content":{"rendered":"<p style=\"text-align: center;\"><strong>REGULAMIN PRZYZNAWANIA NAGRODY \u201cPRYMUS \u00a0SZKO\u0141Y\u201d w roku szkolnym 2016\/2017<\/strong><\/p>\n<p>Uczni\u00f3w do nagrody \u201ePrymus szko\u0142y\u201d typuje wychowawca klasy, a wybiera rada pedagogiczna. Nagroda jest przyznawana na zako\u0144czenie roku szkolnego.<\/p>\n<p>Wychowawca ka\u017cdej klasy typuje 1-2 uczni\u00f3w, bior\u0105c pod uwag\u0119 nast\u0119puj\u0105ce kryteria:<\/p>\n<ol>\n<li>a) \u015brednia ocen min 4,5 z przedmiot\u00f3w og\u00f3lnych i zawodowych w danym roku szkolnym<\/li>\n<li>b) ocena z zachowania \u2013 min ocena bardzo dobra<\/li>\n<li>c) dobra frekwencja ucznia<\/li>\n<li>d) udzia\u0142 ucznia w \u017cyciu szko\u0142y, Samorz\u0105du Uczniowskiego, klasy<\/li>\n<li>e) udzia\u0142 w konkursach, zawodach szkolnych i pozaszkolnych.<\/li>\n<\/ol>\n<p>Uwzgl\u0119dniaj\u0105c powy\u017csze kryteria wychowawca przedstawia radzie pedagogicznej kandydat\u00f3w do nagrody.<\/p>\n<p>Do protoko\u0142u wychowawca sk\u0142ada opinie o wszystkich proponowanych kandydatach na pi\u015bmie.<\/p>\n<p>Wyboru jednego kandydata do nagrody \u201ePrymus Szko\u0142y\u201d dokonuje w g\u0142osowaniu jawnym, zwyk\u0142\u0105 wi\u0119kszo\u015bci\u0105 g\u0142os\u00f3w Rada Pedagogiczna na ko\u0144cowo rocznej konferencji klasyfikacyjnej.<\/p>\n<p>Nagrod\u0105 \u201ePrymus Szko\u0142y\u201d jest:<\/p>\n<ol>\n<li>a) Statuetka z wygrawerowanym napisem:<\/li>\n<\/ol>\n<p>imi\u0119 i nazwisko<\/p>\n<p>\u201ePrymus Szko\u0142y \u2026.\u201d<\/p>\n<p>Zasadnicza Szko\u0142a Zawodowa CRR i MP<\/p>\n<p>Bielawa, \u2026\u2026\u2026\u2026\u2026\u2026. Rok<\/p>\n<ol>\n<li>b) Nagroda pieni\u0119\u017cna w kwocie 200 z\u0142.<\/li>\n<li>c) List gratulacyjny dla rodzic\u00f3w<\/li>\n<li>d) Zdj\u0119cie i wpis Prymusa Szko\u0142y do kroniki szkolnej<\/li>\n<li>e) Informacja na tablicy szkolnej<\/li>\n<\/ol>\n<p>Fundatorem statuetki oraz nagrody finansowej jest Organ Prowadz\u0105cy, a za realizacj\u0119 \u00a0pkt. c, d, e jest wychowawca klasy oraz Dyrektor szko\u0142y.<\/p>\n<p>Nagrody \u2013 statuetka i nagroda pieni\u0119\u017cna jest wr\u0119czana na apelu podsumowuj\u0105cym dany rok szkolny przez przedstawiciela organu prowadz\u0105cego.<\/p>\n<p>List gratulacyjny dla rodzica wr\u0119cza Dyrektor szko\u0142y na apelu podsumowuj\u0105cym dany rok szkolny.<\/p>\n","protected":false},"excerpt":{"rendered":"<p>REGULAMIN PRZYZNAWANIA NAGRODY \u201cPRYMUS \u00a0SZKO\u0141Y\u201d w roku szkolnym 2016\/2017 Uczni\u00f3w do nagrody \u201ePrymus szko\u0142y\u201d typuje wychowawca klasy, a wybiera rada pedagogiczna. Nagroda jest przyznawana na zako\u0144czenie roku szkolnego. Wychowawca ka\u017cdej klasy typuje 1-2 uczni\u00f3w, bior\u0105c pod uwag\u0119 nast\u0119puj\u0105ce kryteria: a) \u015brednia ocen min 4,5 z przedmiot\u00f3w og\u00f3lnych i zawodowych w danym roku szkolnym b) ocena [&hellip;]<\/p>\n","protected":false},"author":1,"featured_media":0,"parent":210,"menu_order":5,"comment_status":"closed","ping_status":"closed","template":"","meta":[],"_links":{"self":[{"href":"https:\/\/www.zsz-cech-bielawa.pl\/zszcrrimp\/wp-json\/wp\/v2\/pages\/1169"}],"collection":[{"href":"https:\/\/www.zsz-cech-bielawa.pl\/zszcrrimp\/wp-json\/wp\/v2\/pages"}],"about":[{"href":"https:\/\/www.zsz-cech-bielawa.pl\/zszcrrimp\/wp-json\/wp\/v2\/types\/page"}],"author":[{"embeddable":true,"href":"https:\/\/www.zsz-cech-bielawa.pl\/zszcrrimp\/wp-json\/wp\/v2\/users\/1"}],"replies":[{"embeddable":true,"href":"https:\/\/www.zsz-cech-bielawa.pl\/zszcrrimp\/wp-json\/wp\/v2\/comments?post=1169"}],"version-history":[{"count":4,"href":"https:\/\/www.zsz-cech-bielawa.pl\/zszcrrimp\/wp-json\/wp\/v2\/pages\/1169\/revisions"}],"predecessor-version":[{"id":1173,"href":"https:\/\/www.zsz-cech-bielawa.pl\/zszcrrimp\/wp-json\/wp\/v2\/pages\/1169\/revisions\/1173"}],"up":[{"embeddable":true,"href":"https:\/\/www.zsz-cech-bielawa.pl\/zszcrrimp\/wp-json\/wp\/v2\/pages\/210"}],"wp:attachment":[{"href":"https:\/\/www.zsz-cech-bielawa.pl\/zszcrrimp\/wp-json\/wp\/v2\/media?parent=1169"}],"curies":[{"name":"wp","href":"https:\/\/api.w.org\/{rel}","templated":true}]}}