                                                                                                                                                                                                                                                                                                                                                                                                                                                                   {"id":1163,"date":"2016-10-06T07:23:50","date_gmt":"2016-10-06T07:23:50","guid":{"rendered":"http:\/\/www.zsz-cech-bielawa.pl\/zszcrrimp\/?page_id=1163"},"modified":"2021-08-11T11:43:17","modified_gmt":"2021-08-11T11:43:17","slug":"rada-rodzicow","status":"publish","type":"page","link":"https:\/\/www.zsz-cech-bielawa.pl\/zszcrrimp\/wydarzenia\/rada-rodzicow\/","title":{"rendered":"Rada Rodzic\u00f3w"},"content":{"rendered":"<p>Rada rodzic\u00f3w jest spo\u0142ecznym organem w\u0142adzy w szkole reprezentuj\u0105cym og\u00f3\u0142 rodzic\u00f3w i opiekun\u00f3w prawnych uczni\u00f3w ucz\u0119szczaj\u0105cych do szko\u0142y, kt\u00f3rej celem jest m.in. organizowanie r\u00f3\u017cnych form aktywno\u015bci rodzic\u00f3w wspomagaj\u0105cych proces nauczania, wychowywania i opieki w szkole i \u015brodowisku. Prezentowanie wobec dyrektora szko\u0142y, nauczycieli, uczni\u00f3w i w\u0142adz o\u015bwiatowych opinii rodzic\u00f3w we wszystkich istotnych sprawach szko\u0142y. Upowszechnianie w\u015br\u00f3d rodzic\u00f3w wiedzy o wychowaniu i funkcjach opieku\u0144czo- wychowawczych rodziny i szko\u0142y w \u017cyciu dziecka.<\/p>\n<p><!--more--><\/p>\n<p>&nbsp;<\/p>\n","protected":false},"excerpt":{"rendered":"<p>Rada rodzic\u00f3w jest spo\u0142ecznym organem w\u0142adzy w szkole reprezentuj\u0105cym og\u00f3\u0142 rodzic\u00f3w i opiekun\u00f3w prawnych uczni\u00f3w ucz\u0119szczaj\u0105cych do szko\u0142y, kt\u00f3rej celem jest m.in. organizowanie r\u00f3\u017cnych form aktywno\u015bci rodzic\u00f3w wspomagaj\u0105cych proces nauczania, wychowywania i opieki w szkole i \u015brodowisku. Prezentowanie wobec dyrektora szko\u0142y, nauczycieli, uczni\u00f3w i w\u0142adz o\u015bwiatowych opinii rodzic\u00f3w we wszystkich istotnych sprawach szko\u0142y. Upowszechnianie w\u015br\u00f3d [&hellip;]<\/p>\n","protected":false},"author":1,"featured_media":0,"parent":220,"menu_order":2,"comment_status":"closed","ping_status":"closed","template":"","meta":[],"_links":{"self":[{"href":"https:\/\/www.zsz-cech-bielawa.pl\/zszcrrimp\/wp-json\/wp\/v2\/pages\/1163"}],"collection":[{"href":"https:\/\/www.zsz-cech-bielawa.pl\/zszcrrimp\/wp-json\/wp\/v2\/pages"}],"about":[{"href":"https:\/\/www.zsz-cech-bielawa.pl\/zszcrrimp\/wp-json\/wp\/v2\/types\/page"}],"author":[{"embeddable":true,"href":"https:\/\/www.zsz-cech-bielawa.pl\/zszcrrimp\/wp-json\/wp\/v2\/users\/1"}],"replies":[{"embeddable":true,"href":"https:\/\/www.zsz-cech-bielawa.pl\/zszcrrimp\/wp-json\/wp\/v2\/comments?post=1163"}],"version-history":[{"count":12,"href":"https:\/\/www.zsz-cech-bielawa.pl\/zszcrrimp\/wp-json\/wp\/v2\/pages\/1163\/revisions"}],"predecessor-version":[{"id":3801,"href":"https:\/\/www.zsz-cech-bielawa.pl\/zszcrrimp\/wp-json\/wp\/v2\/pages\/1163\/revisions\/3801"}],"up":[{"embeddable":true,"href":"https:\/\/www.zsz-cech-bielawa.pl\/zszcrrimp\/wp-json\/wp\/v2\/pages\/220"}],"wp:attachment":[{"href":"https:\/\/www.zsz-cech-bielawa.pl\/zszcrrimp\/wp-json\/wp\/v2\/media?parent=1163"}],"curies":[{"name":"wp","href":"https:\/\/api.w.org\/{rel}","templated":true}]}}