                                                                                                                                                                                                                                                                                                                                                                                                                                                                   {"id":1142,"date":"2016-10-06T06:29:16","date_gmt":"2016-10-06T06:29:16","guid":{"rendered":"http:\/\/www.zsz-cech-bielawa.pl\/zszcrrimp\/?page_id=1142"},"modified":"2021-02-17T11:33:11","modified_gmt":"2021-02-17T11:33:11","slug":"zawody-w-ktorych-ksztalcimy","status":"publish","type":"page","link":"https:\/\/www.zsz-cech-bielawa.pl\/zszcrrimp\/szkola\/zawody-w-ktorych-ksztalcimy\/","title":{"rendered":"Zawody w kt\u00f3rych kszta\u0142cimy"},"content":{"rendered":"<h5 class=\"title\" align=\"center\">WYBIERAJ\u0104C DOBRY ZAW\u00d3D,<\/h5>\n<h5 class=\"title\" align=\"center\">ZAPEWNIASZ SOBIE BEZPIECZN\u0104 PRZYSZ\u0141O\u015a\u0106<\/h5>\n<p><span style=\"font-family: Symbol;\">\u00b7<\/span> kucharz [512001],<\/p>\n<p><span style=\"font-family: Symbol;\">\u00b7 <\/span>fryzjer [514101],<\/p>\n<p><span style=\"font-family: Symbol;\">\u00b7 <\/span>sprzedawca [522301],<\/p>\n<p><span style=\"font-family: Symbol;\">\u00b7 <\/span>ogrodnik [611303],<\/p>\n<p><span style=\"font-family: Symbol;\">\u00b7<\/span> rolnik [613003],<\/p>\n<p><span style=\"font-family: Symbol;\">\u00b7<\/span> fotograf [343101],<\/p>\n<p><span style=\"font-family: Symbol;\">\u00b7<\/span> monter konstrukcji budowlanych [711102],<\/p>\n<p><span style=\"font-family: Symbol;\">\u00b7<\/span> zdun [711203],<\/p>\n<p><span style=\"font-family: Symbol;\">\u00b7<\/span> murarz-tynkarz [711204],<\/p>\n<p><span style=\"font-family: Symbol;\">\u00b7<\/span> kamieniarz [711301],<\/p>\n<p><span style=\"font-family: Symbol;\">\u00b7 <\/span>betoniarz-zbrojarz [711402],<\/p>\n<p><span style=\"font-family: Symbol;\">\u00b7 <\/span>dekarz [712101],<\/p>\n<p><span style=\"font-family: Symbol;\">\u00b7<\/span> monter izolacji budowlanych [712401],<\/p>\n<p><span style=\"font-family: Symbol;\">\u00b7<\/span> monter izolacji przemys\u0142owych [712403],<\/p>\n<p><span style=\"font-family: Symbol;\">\u00b7<\/span> monter system\u00f3w ruroci\u0105gowych [712613],<\/p>\n<p><span style=\"font-family: Symbol;\">\u00b7<\/span> monter sieci i instalacji sanitarnych [712618],<\/p>\n<p><span style=\"font-family: Symbol;\">\u00b7<\/span> monter zabudowy i rob\u00f3t wyko\u0144czeniowych w budownictwie [712905],<\/p>\n<p><span style=\"font-family: Symbol;\">\u00b7<\/span> lakiernik [713201],<\/p>\n<p><span style=\"font-family: Symbol;\">\u00b7<\/span> kominiarz [713303],<\/p>\n<p><span style=\"font-family: Symbol;\">\u00b7<\/span> blacharz [721301],<\/p>\n<p><span style=\"font-family: Symbol;\">\u00b7<\/span> blacharz samochodowy [721306],<\/p>\n<p><span style=\"font-family: Symbol;\">\u00b7<\/span> \u015blusarz [722204],<\/p>\n<p><span style=\"font-family: Symbol;\">\u00b7<\/span> operator obrabiarek skrawaj\u0105cych [722307],<\/p>\n<p><span style=\"font-family: Symbol;\">\u00b7 <\/span>mechanik pojazd\u00f3w samochodowych [723103],<\/p>\n<p><span style=\"font-family: Symbol;\">\u00b7<\/span> mechanik-monter maszyn i urz\u0105dze\u0144 [723310],<\/p>\n<p><span style=\"font-family: Symbol;\">\u00b7<\/span> mechanik automatyki przemys\u0142owej i urz\u0105dze\u0144 precyzyjnych [731102],<\/p>\n<p><span style=\"font-family: Symbol;\">\u00b7<\/span> optyk-mechanik [731104],<\/p>\n<p><span style=\"font-family: Symbol;\">\u00b7<\/span> zegarmistrz [731106],<\/p>\n<p><span style=\"font-family: Symbol;\">\u00b7 <\/span>z\u0142otnik-jubiler [731305],<\/p>\n<p><span style=\"font-family: Symbol;\">\u00b7<\/span> elektryk [741103],<\/p>\n<p><span style=\"font-family: Symbol;\">\u00b7<\/span> elektromechanik [741201],<\/p>\n<p><span style=\"font-family: Symbol;\">\u00b7<\/span> elektromechanik pojazd\u00f3w samochodowych [741203],<\/p>\n<p><span style=\"font-family: Symbol;\">\u00b7<\/span> elektronik [742117],<\/p>\n<p><span style=\"font-family: Symbol;\">\u00b7 <\/span>monter sieci i urz\u0105dze\u0144 telekomunikacyjnych [742202],<\/p>\n<p><span style=\"font-family: Symbol;\">\u00b7<\/span> w\u0119dliniarz [751107],<\/p>\n<p><span style=\"font-family: Symbol;\">\u00b7<\/span> cukiernik [751201],<\/p>\n<p><span style=\"font-family: Symbol;\">\u00b7<\/span> piekarz [751204],<\/p>\n<p><span style=\"font-family: Symbol;\">\u00b7<\/span> stolarz [752205],<\/p>\n<p><span style=\"font-family: Symbol;\">\u00b7<\/span> krawiec [753105],<\/p>\n<p><span style=\"font-family: Symbol;\">\u00b7<\/span> tapicer [753402],<\/p>\n<p><span style=\"font-family: Symbol;\">\u00b7<\/span> mechanik-operator pojazd\u00f3w i maszyn rolniczych [834103],<\/p>\n<p><span style=\"font-family: Symbol;\">\u00b7<\/span> operator maszyn i urz\u0105dze\u0144 do rob\u00f3t ziemnych i drogowych [834209]<\/p>\n<p><span style=\"font-family: Symbol;\">\u00b7<\/span> florysta [343203],<\/p>\n<p><span style=\"font-family: Symbol;\">\u00b7<\/span> kelner [513101],<\/p>\n<p><span style=\"font-family: Symbol;\">\u00b7<\/span> monter konstrukcji budowlanych [711102],<\/p>\n<p><span style=\"font-family: Symbol;\">\u00b7<\/span> cie\u015bla [711501],<\/p>\n<p><span style=\"font-family: Symbol;\">\u00b7<\/span> obuwnik [753602],<\/p>\n<p><span style=\"font-family: Symbol;\">\u00b7<\/span> kaletnik [753702],<\/p>\n<p><span style=\"font-family: Symbol;\">\u00b7<\/span> operator maszyn i urz\u0105dze\u0144 hutniczych [812121],<\/p>\n<p><span style=\"font-family: Symbol;\">\u00b7<\/span> operator maszyn i urz\u0105dze\u0144 odlewniczych [812107],<\/p>\n<p><span style=\"font-family: Symbol;\">\u00b7<\/span> pracownik pomocniczy \u015blusarza [932917],<\/p>\n<p><span style=\"font-family: Symbol;\">\u00b7<\/span> asystent fryzjera [932919],<\/p>\n<p><span style=\"font-family: Symbol;\">\u00b7<\/span> pracownik pomocniczy stolarza [932918],<\/p>\n<p><span style=\"font-family: Symbol;\">\u00b7<\/span> pracownik pomocniczy krawca [932915],<\/p>\n<p><span style=\"font-family: Symbol;\">\u00b7<\/span> pracownik pomocniczy mechanika[932916];<\/p>\n<p><span style=\"font-family: Symbol;\">\u00b7<\/span> Lakiernik samochodowy 713203<\/p>\n<p><span style=\"font-family: Symbol;\">\u00b7<\/span> Przetw\u00f3rca mi\u0119sa 751108<\/p>\n<p><span style=\"font-family: Symbol;\">\u00b7<\/span> Pracownik pomocniczy fryzjera 932920<\/p>\n<p><span style=\"font-family: Symbol;\">\u00b7<\/span> Operator maszyn i urz\u0105dze\u0144 przemys\u0142u metalurgicznego 812122<\/p>\n<p><span style=\"font-family: Symbol;\">\u00b7<\/span> Monter izolacji przemys\u0142owych 712403<\/p>\n<p><span style=\"font-family: Symbol;\">\u00b7<\/span> Automatyk 731107<\/p>\n<p><span style=\"font-family: Symbol;\">\u00b7<\/span> Pracownik obs\u0142ugi hotelowej 962907<\/p>\n<p><span style=\"font-family: Symbol;\">\u00b7<\/span> Magazynier-logistyk\u00a0 432106<\/p>\n<p><span style=\"font-family: Symbol;\">\u00b7<\/span> Mechatronik 742118<\/p>\n<p>&nbsp;<\/p>\n<p>&nbsp;<\/p>\n","protected":false},"excerpt":{"rendered":"<p>WYBIERAJ\u0104C DOBRY ZAW\u00d3D, ZAPEWNIASZ SOBIE BEZPIECZN\u0104 PRZYSZ\u0141O\u015a\u0106 \u00b7 kucharz [512001], \u00b7 fryzjer [514101], \u00b7 sprzedawca [522301], \u00b7 ogrodnik [611303], \u00b7 rolnik [613003], \u00b7 fotograf [343101], \u00b7 monter konstrukcji budowlanych [711102], \u00b7 zdun [711203], \u00b7 murarz-tynkarz [711204], \u00b7 kamieniarz [711301], \u00b7 betoniarz-zbrojarz [711402], \u00b7 dekarz [712101], \u00b7 monter izolacji budowlanych [712401], \u00b7 monter izolacji przemys\u0142owych [712403], [&hellip;]<\/p>\n","protected":false},"author":1,"featured_media":0,"parent":2,"menu_order":3,"comment_status":"closed","ping_status":"closed","template":"","meta":[],"_links":{"self":[{"href":"https:\/\/www.zsz-cech-bielawa.pl\/zszcrrimp\/wp-json\/wp\/v2\/pages\/1142"}],"collection":[{"href":"https:\/\/www.zsz-cech-bielawa.pl\/zszcrrimp\/wp-json\/wp\/v2\/pages"}],"about":[{"href":"https:\/\/www.zsz-cech-bielawa.pl\/zszcrrimp\/wp-json\/wp\/v2\/types\/page"}],"author":[{"embeddable":true,"href":"https:\/\/www.zsz-cech-bielawa.pl\/zszcrrimp\/wp-json\/wp\/v2\/users\/1"}],"replies":[{"embeddable":true,"href":"https:\/\/www.zsz-cech-bielawa.pl\/zszcrrimp\/wp-json\/wp\/v2\/comments?post=1142"}],"version-history":[{"count":5,"href":"https:\/\/www.zsz-cech-bielawa.pl\/zszcrrimp\/wp-json\/wp\/v2\/pages\/1142\/revisions"}],"predecessor-version":[{"id":3732,"href":"https:\/\/www.zsz-cech-bielawa.pl\/zszcrrimp\/wp-json\/wp\/v2\/pages\/1142\/revisions\/3732"}],"up":[{"embeddable":true,"href":"https:\/\/www.zsz-cech-bielawa.pl\/zszcrrimp\/wp-json\/wp\/v2\/pages\/2"}],"wp:attachment":[{"href":"https:\/\/www.zsz-cech-bielawa.pl\/zszcrrimp\/wp-json\/wp\/v2\/media?parent=1142"}],"curies":[{"name":"wp","href":"https:\/\/api.w.org\/{rel}","templated":true}]}}